{"id":433927,"date":"2024-02-01T17:50:46","date_gmt":"2024-02-01T16:50:46","guid":{"rendered":"https:\/\/plumvillage.org\/?page_id=433927"},"modified":"2024-07-01T23:57:54","modified_gmt":"2024-07-01T21:57:54","slug":"le-monastere-de-la-source-guerissante-les-articles-a-apporter","status":"publish","type":"page","link":"https:\/\/dev.plumvillage.org\/fr\/le-monastere-de-la-source-guerissante-les-articles-a-apporter","title":{"rendered":"Le Monast\u00e8re de la Source Gu\u00e9rissante"},"content":{"rendered":"\n<div class=\"jump-to align\" id=\"les-articles-a-apporter\">\n\t<hr>\n\t<span class=\"jump-to-text\"><span class=\"label\">Allez vers <span class=\"icon icon-arrow-tiny\"><\/span><\/span>\n\t<a class=\"active\" href=\"#les-articles-a-apporter\">Les articles \u00e0 apporter <\/a>, <a  href=\"#exemple-demploi-du-temps\">Exemple d&#8217;emploi du temps <\/a><\/span>\n<\/div>\n\n\n<h2 class=\"wp-block-heading\">Les articles \u00e0 apporter.<\/h2>\n\n\n\n<h4 class=\"wp-block-heading\">Essentiel<\/h4>\n\n\n\n<ul class=\"wp-block-list\">\n<li>Serviette et n\u00e9cessaire de toilette.<\/li>\n\n\n\n<li>Pour les personnes sensibles au bruit, des bouchons d&rsquo;oreilles et un masque de sommeil peuvent \u00eatre utiles.<\/li>\n\n\n\n<li>Literie : housse de couette, taie d&rsquo;oreiller, drap-housse de matelas simple.<\/li>\n\n\n\n<li>Lampe de poche<\/li>\n\n\n\n<li>R\u00e9veil<\/li>\n\n\n\n<li>Bouteille d\u2019eau\/thermos\/Tasse de voyage<\/li>\n\n\n\n<li>Chaussures water-proof facile \u00e0 enfiler et \u00e0 enlever<\/li>\n\n\n\n<li>Pantoufles<\/li>\n\n\n\n<li>Parapluie et veste de pluie<\/li>\n\n\n\n<li>Assurez-vous d&rsquo;avoir une copie (num\u00e9rique ou papier) de votre facture et de vos documents de voyage.<\/li>\n\n\n\n<li>Apportez suffisamment de v\u00eatements, car nous ne proposons pas de service de blanchisserie<\/li>\n\n\n\n<li>V\u00eatements appropri\u00e9s qui vous permettent de vous asseoir confortablement. Nous encourageons vivement les personnes \u00e0 porter un t-shirt \u00e0 manches et des shorts qui couvrent les genoux.<\/li>\n\n\n\n<li>M\u00e9dicaments personnels s&rsquo;ils sont prescrits par vos professionnels de la sant\u00e9.<\/li>\n<\/ul>\n\n\n\n<p><em>Note : Veuillez laisser vos animaux \u00e0 la maison. Bien que nous aimions les animaux, il n&rsquo;est pas possible de les accueillir au monast\u00e8re.<\/em><\/p>\n\n\n\n<h4 class=\"wp-block-heading\">L&rsquo;automne et l&rsquo;hiver <\/h4>\n\n\n\n<p>Apportez tout ce qui vous r\u00e9chauffe pour soutenir votre pratique, comme une veste, une bouteille chaude, etc.<\/p>\n\n\n\n<h4 class=\"wp-block-heading\">L\u2019\u00c9t\u00e9<\/h4>\n\n\n\n<ul class=\"wp-block-list\">\n<li>Chapeau de soleil \u00e0 large bord pour se prot\u00e9ger des rayons nocifs, car nous aurons des activit\u00e9s en ext\u00e9rieur.<\/li>\n\n\n\n<li>Cr\u00e8me solaire \u00e0 FPS \u00e9lev\u00e9<\/li>\n\n\n\n<li>R\u00e9pulsif contre les insectes.<\/li>\n<\/ul>\n\n\n\n<h4 class=\"wp-block-heading\">Campeurs et Caravanes<\/h4>\n\n\n\n<ul class=\"wp-block-list\">\n<li>Amenez votre propre l&rsquo;\u00e9quipement de camping et un sac de couchage, etc<\/li>\n\n\n\n<li>Nous ne recommandons pas de rester en caravane. Il n&rsquo;y a pas d&rsquo;espace de stationnement ad\u00e9quat, ni d&rsquo;eau, ni d&rsquo;\u00e9lectricit\u00e9 ou de raccordement sanitaire pour les caravanes.<\/li>\n<\/ul>\n\n\n\n<div class=\"jump-to align\" id=\"exemple-demploi-du-temps\">\n\t<hr>\n\t<span class=\"jump-to-text\"><span class=\"label\">Allez vers <span class=\"icon icon-arrow-tiny\"><\/span><\/span>\n\t<a  href=\"#les-articles-a-apporter\">Les articles \u00e0 apporter <\/a>, <a class=\"active\" href=\"#exemple-demploi-du-temps\">Exemple d&#8217;emploi du temps <\/a><\/span>\n<\/div>\n\n\n<h2 class=\"wp-block-heading\">Exemple d&#8217;emploi du temps type d\u2019une journ\u00e9e<\/h2>\n\n\n\n<p>5:45 R\u00e9veil<\/p>\n\n\n\n<p>6:30 M\u00e9ditation assise (suivie des Touchers de la Terre)<\/p>\n\n\n\n<p>8:00 Petit-d\u00e9jeuner<\/p>\n\n\n\n<p>9:30 Enseignement du Dharma \/ Classe \/ Pr\u00e9sentation \/ M\u00e9ditation du Service<\/p>\n\n\n\n<p>11:30 Marche m\u00e9ditative<\/p>\n\n\n\n<p>12:30 D\u00e9jeuner<\/p>\n\n\n\n<p>13.30 Repos \/ Relaxation guid\u00e9e<\/p>\n\n\n\n<p>15:00 Partage du Dharma ou M\u00e9ditation du service <\/p>\n\n\n\n<p>17:00 Exercices physiques ou temps personnel<\/p>\n\n\n\n<p>18:00 D\u00eener<\/p>\n\n\n\n<p>20:00 M\u00e9ditation assise (suivie de la M\u00e9ditation March\u00e9e Lente \/ du Chant \/ de la lecture d\u2019un Sutra) ou temps d\u2019\u00e9tude personnelle<\/p>\n\n\n\n<p> Repos \u2013 Noble Silence<\/p>\n","protected":false},"excerpt":{"rendered":"<p>Les articles \u00e0 apporter. Essentiel Note : Veuillez laisser vos animaux \u00e0 la maison. Bien que nous aimions les animaux, il n&rsquo;est pas possible de les accueillir au monast\u00e8re. L&rsquo;automne et l&rsquo;hiver Apportez tout ce qui vous r\u00e9chauffe pour soutenir votre pratique, comme une veste, une bouteille chaude, etc. L\u2019\u00c9t\u00e9 Campeurs et Caravanes Exemple d&#8217;emploi<\/p>\n","protected":false},"author":1088,"featured_media":0,"parent":0,"menu_order":0,"comment_status":"closed","ping_status":"closed","template":"","meta":{"_acf_changed":false,"sync_status":"","episode_type":"","audio_file":"","castos_file_data":"","podmotor_file_id":"","cover_image":"","cover_image_id":"","duration":"","filesize":"","filesize_raw":"","date_recorded":"","explicit":"","block":"","itunes_episode_number":"","itunes_title":"","itunes_season_number":"","itunes_episode_type":"","ep_exclude_from_search":false,"footnotes":""},"class_list":["post-433927","page","type-page","status-publish","hentry"],"acf":[],"_links":{"self":[{"href":"https:\/\/dev.plumvillage.org\/fr\/wp-json\/wp\/v2\/pages\/433927","targetHints":{"allow":["GET"]}}],"collection":[{"href":"https:\/\/dev.plumvillage.org\/fr\/wp-json\/wp\/v2\/pages"}],"about":[{"href":"https:\/\/dev.plumvillage.org\/fr\/wp-json\/wp\/v2\/types\/page"}],"author":[{"embeddable":true,"href":"https:\/\/dev.plumvillage.org\/fr\/wp-json\/wp\/v2\/users\/1088"}],"replies":[{"embeddable":true,"href":"https:\/\/dev.plumvillage.org\/fr\/wp-json\/wp\/v2\/comments?post=433927"}],"version-history":[{"count":5,"href":"https:\/\/dev.plumvillage.org\/fr\/wp-json\/wp\/v2\/pages\/433927\/revisions"}],"predecessor-version":[{"id":462002,"href":"https:\/\/dev.plumvillage.org\/fr\/wp-json\/wp\/v2\/pages\/433927\/revisions\/462002"}],"wp:attachment":[{"href":"https:\/\/dev.plumvillage.org\/fr\/wp-json\/wp\/v2\/media?parent=433927"}],"curies":[{"name":"wp","href":"https:\/\/api.w.org\/{rel}","templated":true}]}}