{"id":155668,"date":"2018-04-03T18:14:04","date_gmt":"2018-04-03T16:14:04","guid":{"rendered":"https:\/\/plumvillage.org\/privacy-policy\/"},"modified":"2021-03-10T17:01:04","modified_gmt":"2021-03-10T16:01:04","slug":"privacy-policy","status":"publish","type":"page","link":"https:\/\/dev.plumvillage.org\/it\/privacy-policy","title":{"rendered":"Informazioni sulla privacy"},"content":{"rendered":"\n<p>Al CBZ Village des Pruniers, ci impegniamo a proteggere e rispettare la tua privacy. Questa politica spiega quando e perch\u00e9 raccogliamo informazioni personali sulle persone che visitano il nostro sito web, come le usiamo, le condizioni in cui possiamo divulgarle a terzi e come le teniamo al sicuro.<\/p>\n\n\n\n<p>Possiamo cambiare questa politica di tanto in tanto, quindi si prega di controllare questa pagina per assicurarsi che siate soddisfatti di eventuali modifiche. Utilizzando il nostro sito web, accetti di essere vincolato da questa politica.<\/p>\n\n\n\n<p>Tutte le domande riguardanti questa politica e le nostre pratiche di privacy devono essere inviate via e-mail a privacy@plumvillage.org<\/p>\n\n\n\n<h4 class=\"wp-block-heading\">Chi siamo<\/h4>\n\n\n\n<p>Siamo il CBZ Village des Pruniers, il pi\u00f9 grande centro di meditazione buddista d&#8217;Europa dedicato a portare la consapevolezza nella vita delle persone. CBZ Village des Pruniers \u00e8 un&#8217;associazione registrata per attivit\u00e0 religiose (SIRET: 753 112 333 e 425 182 565). L&#8217;indirizzo registrato \u00e8 13 Martineau, 33580, Dieulivol, Francia.<\/p>\n\n\n\n<h4 class=\"wp-block-heading\">Come raccogliamo le vostre informazioni<\/h4>\n\n\n\n<p>Otteniamo informazioni su di te quando usi il nostro sito web, per esempio, quando ci contatti per i ritiri, per fare una donazione o se ti registri per ricevere una delle nostre newsletter.<\/p>\n\n\n\n<h4 class=\"wp-block-heading\">Che tipo di informazioni vengono raccolte<\/h4>\n\n\n\n<p>Le informazioni personali che raccogliamo potrebbero includere il vostro nome, indirizzo, indirizzo email, a quali ritiri avete partecipato, donazioni fatte, se avete fatto volontariato con noi, indirizzo IP e informazioni riguardanti quali pagine sono state visitate e quando. Se fai una donazione online o prenoti un ritiro con noi, le tue informazioni bancarie non sono conservate da noi, sono raccolte dai nostri processori di pagamento di terze parti, specializzati nell&#8217;acquisizione ed elaborazione sicura online delle transazioni con carta di credito\/debito, come spiegato di seguito. I nostri processori di pagamento seguono anche il Regolamento Generale sulla Protezione dei Dati emesso dall&#8217;Unione Europea.<\/p>\n\n\n\n<p>Tradotto con www.DeepL.com\/Translator (versione gratuita)<\/p>\n\n\n\n<h4 class=\"wp-block-heading\">Come vengono usate le vostre informazioni<\/h4>\n\n\n\n<p>Possiamo utilizzare le sue informazioni per:<\/p>\n\n\n\n<ul class=\"wp-block-list\"><li>processare una donazione che lei ha fatto<\/li><li>trattare una prenotazione che lei ha fatto<\/li><li>eseguire i nostri obblighi derivanti da qualsiasi contratto stipulato tra lei e noi<\/li><li>chiedere le tue opinioni o commenti sui servizi che forniamo<\/li><li>notificarle le modifiche ai nostri servizi<\/li><li>inviarle comunicazioni che ha richiesto e che possono essere di suo interesse. Queste possono includere informazioni su campagne, appelli, altre attivit\u00e0 di raccolta fondi,<\/li><li>elaborare una domanda di sovvenzione o di lavoro.<\/li><\/ul>\n\n\n\n<p>Rivediamo regolarmente i nostri periodi di conservazione delle informazioni personali. Siamo tenuti per legge a conservare alcuni tipi di informazioni per adempiere ai nostri obblighi di legge. Conserveremo le sue informazioni personali nei nostri sistemi per tutto il tempo necessario per l&#8217;attivit\u00e0 pertinente, o per tutto il tempo stabilito in qualsiasi contratto pertinente che lei ha con noi.<\/p>\n\n\n\n<h4 class=\"wp-block-heading\">Chi ha accesso alle sue informazioni<\/h4>\n\n\n\n<p>Non venderemo o affitteremo le sue informazioni a terzi.<\/p>\n\n\n\n<p>Non condivideremo le sue informazioni con terzi per scopi di marketing.<\/p>\n\n\n\n<p>Fornitori di servizi di terze parti che lavorano per nostro conto: Possiamo passare le vostre informazioni ai nostri fornitori di servizi terzi, agenti, subappaltatori e altre organizzazioni associate allo scopo di completare i compiti e fornirvi servizi per nostro conto (ad esempio per elaborare le donazioni e inviarvi mailing). Tuttavia, quando utilizziamo fornitori di servizi terzi, divulghiamo solo le informazioni personali necessarie per fornire il servizio e abbiamo un contratto che richiede loro di mantenere le informazioni al sicuro e di non utilizzarle per i loro scopi di marketing diretto. Vi assicuriamo che non divulgheremo le vostre informazioni a terzi al di fuori della rete CBZ Village des Pruniers per utilizzarle per i loro scopi di marketing diretto, a meno che non ci abbiate richiesto di farlo, o che ci sia richiesto dalla legge, per esempio, da un ordine del tribunale o per la prevenzione di frodi o altri crimini.<\/p>\n\n\n\n<p>Tradotto con www.DeepL.com\/Translator (versione gratuita)<\/p>\n\n\n\n<p>When you are using our secure online donation pages, your donation is processed by a third party payment processor, who specialises in the secure online capture and processing of credit\/debit card transactions. If you have any questions regarding secure transactions, please contact us by sending an e-mail to privacy@plumvillage.org.<\/p>\n\n\n\n<p>We may transfer your information if we\u2019re under a duty to disclose or share your personal data in order to comply with any legal obligation or to enforce or apply our terms of use or to protect the rights, property or safety of our supporters and retreatants. However, we will take steps with the aim of ensuring that your privacy rights continue to be protected.<\/p>\n\n\n\n<h4 class=\"wp-block-heading\"><strong>Le vostre opzioni<\/strong><\/h4>\n\n\n\n<p>Avete la possibilit\u00e0 di scegliere se desiderate o meno ricevere informazioni da noi. Se non volete ricevere comunicazioni di marketing diretto da noi sulla pratica e i nostri ritiri, allora potete selezionare le vostre scelte spuntando le caselle pertinenti situate sul modulo in cui raccogliamo le vostre informazioni.<\/p>\n\n\n\n<p>Non vi contatteremo per scopi di marketing via e-mail, telefono o SMS a meno che non abbiate dato il vostro previo consenso. Non vi contatteremo per scopi di marketing per posta se avete indicato che non desiderate essere contattati. Puoi cambiare le tue preferenze di marketing in qualsiasi momento contattandoci via e-mail: dana@plumvillage.org<\/p>\n\n\n\n<h4 class=\"wp-block-heading\">Come potete accedere e aggiornare le vostre informazioni<\/h4>\n\n\n\n<p>L&#8217;accuratezza delle vostre informazioni \u00e8 importante per noi. Stiamo lavorando per renderti pi\u00f9 facile rivedere e correggere le informazioni che abbiamo su di te. Nel frattempo, se cambiate indirizzo email, o se una qualsiasi delle altre informazioni in nostro possesso fosse imprecisa o non aggiornata o se voleste cancellare le vostre informazioni, vi preghiamo di inviarci un&#8217;email a: privacy@plumvillage.org.<\/p>\n\n\n\n<p>Ha il diritto di chiedere una copia delle informazioni che CBZ Village des Pruniers conserva su di lei.<\/p>\n\n\n\n<h4 class=\"wp-block-heading\">Precauzioni di sicurezza in atto per proteggere la perdita, l&#8217;uso improprio o l&#8217;alterazione delle sue informazioni<\/h4>\n\n\n\n<p>Quando ci fornite informazioni personali, prendiamo misure per garantire che siano trattate in modo sicuro. Qualsiasi informazione sensibile (come i dettagli della carta di credito o di debito) \u00e8 criptata e protetta con il seguente software 128 Bit di crittografia su SSL. Quando sei su una pagina sicura, un&#8217;icona a forma di lucchetto apparir\u00e0 nella parte inferiore dei browser web come Microsoft Internet Explorer.<\/p>\n\n\n\n<p>I dati non sensibili (il suo indirizzo e-mail, ecc.) sono trasmessi normalmente su Internet, e questo non pu\u00f2 mai essere garantito come sicuro al 100%. Di conseguenza, mentre ci sforziamo di proteggere le vostre informazioni personali, non possiamo garantire la sicurezza di qualsiasi informazione che ci trasmettete, e lo fate a vostro rischio e pericolo. Una volta ricevute le vostre informazioni, facciamo del nostro meglio per garantirne la sicurezza nei nostri sistemi. Nel caso in cui vi abbiamo dato (o avete scelto) una password che vi permette di accedere ad alcune parti dei nostri siti web, siete responsabili di mantenere questa password riservata. Le chiediamo di non condividere la sua password con nessuno.<\/p>\n\n\n\n<h4 class=\"wp-block-heading\">Profiling<\/h4>\n\n\n\n<p>Possiamo analizzare le vostre informazioni personali per creare un profilo dei vostri interessi e preferenze in modo da potervi contattare con informazioni rilevanti per voi. Possiamo fare uso di informazioni aggiuntive su di te quando sono disponibili da fonti esterne per aiutarci a fare questo in modo efficace. Possiamo anche utilizzare le sue informazioni personali per individuare e ridurre le frodi e il rischio di credito.<\/p>\n\n\n\n<h4 class=\"wp-block-heading\" id=\"cookies\">Uso dei &#8216;cookies&#8217;.<\/h4>\n\n\n\n<p>Come molti altri siti web, il sito CBZ Village des Pruniers utilizza i cookies. I &#8220;cookies&#8221; sono piccoli pezzi di informazione inviati da un&#8217;organizzazione al tuo computer e memorizzati sul tuo disco rigido per consentire a quel sito web di riconoscerti quando lo visiti. Essi raccolgono dati statistici sulle tue azioni e modelli di navigazione e non ti identificano come individuo. Per esempio, usiamo i cookie per memorizzare le tue preferenze di paese. Questo ci aiuta a migliorare il nostro sito web e a fornire un servizio migliore e pi\u00f9 personalizzato.<\/p>\n\n\n\n<p>\u00c8 possibile disattivare i cookie impostando le preferenze del browser. La disattivazione dei cookie pu\u00f2 comportare una perdita di funzionalit\u00e0 quando si utilizza il nostro sito web.<\/p>\n\n\n\n<h4 class=\"wp-block-heading\">Link ad altri siti web<\/h4>\n\n\n\n<p>Il nostro sito web pu\u00f2 contenere link ad altri siti web gestiti da altre organizzazioni. Questa politica sulla privacy si applica solo al nostro sito web quindi vi invitiamo a leggere le dichiarazioni sulla privacy sugli altri siti web che visitate. Non possiamo essere responsabili delle politiche e delle pratiche sulla privacy di altri siti, anche se si accede ad essi tramite link dal nostro sito web.<\/p>\n\n\n\n<p>Inoltre, se ti sei collegato al nostro sito web da un sito di terze parti, non possiamo essere responsabili delle politiche e delle pratiche sulla privacy dei proprietari e degli operatori di quel sito di terze parti e ti consigliamo di controllare la politica di quel sito di terze parti.<\/p>\n\n\n\n<h4 class=\"wp-block-heading\">16 anni o meno<\/h4>\n\n\n\n<p>Ci preoccupiamo di proteggere la privacy dei bambini di et\u00e0 inferiore ai 16 anni. Se hai meno di 16 anni, sei pregato di ottenere il permesso dei tuoi genitori\/tutori ogni volta che ci fornisci informazioni personali.<\/p>\n\n\n\n<h4 class=\"wp-block-heading\">Trasferimento delle sue informazioni al di fuori dell&#8217;Europa<\/h4>\n\n\n\n<p>Come parte dei servizi offerti attraverso questo sito web, le informazioni che ci fornite possono essere trasferite in paesi al di fuori dell&#8217;Unione Europea (&#8220;UE&#8221;). A titolo di esempio, questo pu\u00f2 accadere se uno dei nostri server \u00e8 di volta in volta situato in un paese al di fuori dell&#8217;UE. Questi paesi potrebbero non avere leggi sulla protezione dei dati simili a quelle dell&#8217;UE. Inviando i tuoi dati personali, acconsenti a questo trasferimento, memorizzazione o elaborazione. Se trasferiamo le sue informazioni al di fuori dell&#8217;UE in questo modo, prenderemo provvedimenti per garantire che vengano adottate misure di sicurezza appropriate con l&#8217;obiettivo di assicurare che i suoi diritti alla privacy continuino ad essere protetti come delineato in questa politica.<\/p>\n\n\n\n<p>Se utilizza i nostri servizi mentre si trova al di fuori dell&#8217;UE, le sue informazioni possono essere trasferite al di fuori dell&#8217;UE per fornirle tali servizi.<\/p>\n","protected":false},"excerpt":{"rendered":"<p>Al CBZ Village des Pruniers, ci impegniamo a proteggere e rispettare la tua privacy. Questa politica spiega quando e perch\u00e9 raccogliamo informazioni personali sulle persone che visitano il nostro sito web, come le usiamo, le condizioni in cui possiamo divulgarle a terzi e come le teniamo al sicuro. Possiamo cambiare questa politica di tanto in<\/p>\n","protected":false},"author":1000,"featured_media":0,"parent":0,"menu_order":0,"comment_status":"closed","ping_status":"closed","template":"","meta":{"_acf_changed":false,"sync_status":"","episode_type":"","audio_file":"","castos_file_data":"","podmotor_file_id":"","cover_image":"","cover_image_id":"","duration":"","filesize":"","filesize_raw":"","date_recorded":"","explicit":"","block":"","itunes_episode_number":"","itunes_title":"","itunes_season_number":"","itunes_episode_type":"","ep_exclude_from_search":false,"footnotes":""},"class_list":["post-155668","page","type-page","status-publish","hentry"],"acf":[],"_links":{"self":[{"href":"https:\/\/dev.plumvillage.org\/it\/wp-json\/wp\/v2\/pages\/155668","targetHints":{"allow":["GET"]}}],"collection":[{"href":"https:\/\/dev.plumvillage.org\/it\/wp-json\/wp\/v2\/pages"}],"about":[{"href":"https:\/\/dev.plumvillage.org\/it\/wp-json\/wp\/v2\/types\/page"}],"author":[{"embeddable":true,"href":"https:\/\/dev.plumvillage.org\/it\/wp-json\/wp\/v2\/users\/1000"}],"replies":[{"embeddable":true,"href":"https:\/\/dev.plumvillage.org\/it\/wp-json\/wp\/v2\/comments?post=155668"}],"version-history":[{"count":0,"href":"https:\/\/dev.plumvillage.org\/it\/wp-json\/wp\/v2\/pages\/155668\/revisions"}],"wp:attachment":[{"href":"https:\/\/dev.plumvillage.org\/it\/wp-json\/wp\/v2\/media?parent=155668"}],"curies":[{"name":"wp","href":"https:\/\/api.w.org\/{rel}","templated":true}]}}