{"id":155671,"date":"2017-11-20T11:31:26","date_gmt":"2017-11-20T10:31:26","guid":{"rendered":"https:\/\/plumvillage.org\/dharma-teachers\/"},"modified":"2022-04-06T13:55:32","modified_gmt":"2022-04-06T11:55:32","slug":"dharma-teachers","status":"publish","type":"page","link":"https:\/\/dev.plumvillage.org\/it\/dharma-teachers","title":{"rendered":"Dharma Teachers"},"content":{"rendered":"\n<p class=\"has-large-font-size\">Here are profiles of our senior Dharma Teachers who regularly offer teachings at Plum Village France.<\/p>\n\n\n    <div class=\"align to-right-edge\">\n        <div class=\"row row-collapsable\">\n                                            <div class=\"index-item index-monastic col-6 col-md-4 \">\n                    <a href=\"https:\/\/dev.plumvillage.org\/people\/dharma-teachers\/sister-chan-khong\"><img loading=\"lazy\" decoding=\"async\" width=\"480\" height=\"269\" src=\"https:\/\/dev.plumvillage.org\/wp-content\/uploads\/2018\/12\/sr-chan-khong-homebox.jpg\" class=\"attachment-landscape size-landscape\" alt=\"\" srcset=\"https:\/\/dev.plumvillage.org\/wp-content\/uploads\/2018\/12\/sr-chan-khong-homebox.jpg 510w, https:\/\/dev.plumvillage.org\/wp-content\/uploads\/2018\/12\/sr-chan-khong-homebox-499x280.jpg 499w, https:\/\/dev.plumvillage.org\/wp-content\/uploads\/2018\/12\/sr-chan-khong-homebox-300x168.jpg 300w, https:\/\/dev.plumvillage.org\/wp-content\/uploads\/2018\/12\/sr-chan-khong-homebox-100x56.jpg 100w, https:\/\/dev.plumvillage.org\/wp-content\/uploads\/2018\/12\/sr-chan-khong-homebox-150x84.jpg 150w, https:\/\/dev.plumvillage.org\/wp-content\/uploads\/2018\/12\/sr-chan-khong-homebox-200x112.jpg 200w, https:\/\/dev.plumvillage.org\/wp-content\/uploads\/2018\/12\/sr-chan-khong-homebox-450x252.jpg 450w\" sizes=\"auto, (max-width: 480px) 100vw, 480px\" \/><\/a>\n                    <figcaption><a href=\"https:\/\/dev.plumvillage.org\/people\/dharma-teachers\/sister-chan-khong\">Sister Chan Khong<\/a><\/figcaption>\n                <\/div>\n                                            <div class=\"index-item index-monastic col-6 col-md-4 \">\n                    <a href=\"https:\/\/dev.plumvillage.org\/people\/dharma-teachers\/sr-chan-duc\"><img loading=\"lazy\" decoding=\"async\" width=\"480\" height=\"269\" src=\"https:\/\/dev.plumvillage.org\/wp-content\/uploads\/2018\/12\/sr-chan-duc-dt-profile.jpg\" class=\"attachment-landscape size-landscape\" alt=\"\" srcset=\"https:\/\/dev.plumvillage.org\/wp-content\/uploads\/2018\/12\/sr-chan-duc-dt-profile.jpg 500w, https:\/\/dev.plumvillage.org\/wp-content\/uploads\/2018\/12\/sr-chan-duc-dt-profile-499x279.jpg 499w, https:\/\/dev.plumvillage.org\/wp-content\/uploads\/2018\/12\/sr-chan-duc-dt-profile-300x168.jpg 300w, https:\/\/dev.plumvillage.org\/wp-content\/uploads\/2018\/12\/sr-chan-duc-dt-profile-100x56.jpg 100w, https:\/\/dev.plumvillage.org\/wp-content\/uploads\/2018\/12\/sr-chan-duc-dt-profile-150x84.jpg 150w, https:\/\/dev.plumvillage.org\/wp-content\/uploads\/2018\/12\/sr-chan-duc-dt-profile-200x112.jpg 200w, https:\/\/dev.plumvillage.org\/wp-content\/uploads\/2018\/12\/sr-chan-duc-dt-profile-450x252.jpg 450w\" sizes=\"auto, (max-width: 480px) 100vw, 480px\" \/><\/a>\n                    <figcaption><a href=\"https:\/\/dev.plumvillage.org\/people\/dharma-teachers\/sr-chan-duc\">Sister Ch\u00e2n \u0110\u1ee9c<\/a><\/figcaption>\n                <\/div>\n                                            <div class=\"index-item index-monastic col-6 col-md-4 \">\n                    <a href=\"https:\/\/dev.plumvillage.org\/people\/dharma-teachers\/sr-dieu-nghiem\"><img loading=\"lazy\" decoding=\"async\" width=\"480\" height=\"270\" src=\"https:\/\/dev.plumvillage.org\/wp-content\/uploads\/2017\/12\/maxresdefault-2.jpg\" class=\"attachment-landscape size-landscape\" alt=\"\" srcset=\"https:\/\/dev.plumvillage.org\/wp-content\/uploads\/2017\/12\/maxresdefault-2.jpg 1280w, https:\/\/dev.plumvillage.org\/wp-content\/uploads\/2017\/12\/maxresdefault-2-499x281.jpg 499w, https:\/\/dev.plumvillage.org\/wp-content\/uploads\/2017\/12\/maxresdefault-2-768x432.jpg 768w, https:\/\/dev.plumvillage.org\/wp-content\/uploads\/2017\/12\/maxresdefault-2-1024x576.jpg 1024w, https:\/\/dev.plumvillage.org\/wp-content\/uploads\/2017\/12\/maxresdefault-2-300x169.jpg 300w, https:\/\/dev.plumvillage.org\/wp-content\/uploads\/2017\/12\/maxresdefault-2-100x56.jpg 100w, https:\/\/dev.plumvillage.org\/wp-content\/uploads\/2017\/12\/maxresdefault-2-150x84.jpg 150w, https:\/\/dev.plumvillage.org\/wp-content\/uploads\/2017\/12\/maxresdefault-2-200x113.jpg 200w, https:\/\/dev.plumvillage.org\/wp-content\/uploads\/2017\/12\/maxresdefault-2-450x253.jpg 450w, https:\/\/dev.plumvillage.org\/wp-content\/uploads\/2017\/12\/maxresdefault-2-600x338.jpg 600w, https:\/\/dev.plumvillage.org\/wp-content\/uploads\/2017\/12\/maxresdefault-2-900x506.jpg 900w\" sizes=\"auto, (max-width: 480px) 100vw, 480px\" \/><\/a>\n                    <figcaption><a href=\"https:\/\/dev.plumvillage.org\/people\/dharma-teachers\/sr-dieu-nghiem\">Sister Ch\u00e2n Di\u1ec7u Nghi\u00eam<\/a><\/figcaption>\n                <\/div>\n                                            <div class=\"index-item index-monastic col-6 col-md-4 \">\n                    <a href=\"https:\/\/dev.plumvillage.org\/people\/dharma-teachers\/sr-tu-nghiem\"><img loading=\"lazy\" decoding=\"async\" width=\"435\" height=\"290\" src=\"https:\/\/dev.plumvillage.org\/wp-content\/uploads\/2017\/11\/IMG_7644-e1513699793877.jpg\" class=\"attachment-landscape size-landscape\" alt=\"\" srcset=\"https:\/\/dev.plumvillage.org\/wp-content\/uploads\/2017\/11\/IMG_7644-e1513699793877.jpg 1200w, https:\/\/dev.plumvillage.org\/wp-content\/uploads\/2017\/11\/IMG_7644-e1513699793877-499x333.jpg 499w, https:\/\/dev.plumvillage.org\/wp-content\/uploads\/2017\/11\/IMG_7644-e1513699793877-768x512.jpg 768w, https:\/\/dev.plumvillage.org\/wp-content\/uploads\/2017\/11\/IMG_7644-e1513699793877-1024x683.jpg 1024w\" sizes=\"auto, (max-width: 435px) 100vw, 435px\" \/><\/a>\n                    <figcaption><a href=\"https:\/\/dev.plumvillage.org\/people\/dharma-teachers\/sr-tu-nghiem\">Sister Ch\u00e2n T\u1eeb Nghi\u00eam<\/a><\/figcaption>\n                <\/div>\n                                            <div class=\"index-item index-monastic col-6 col-md-4 \">\n                    <a href=\"https:\/\/dev.plumvillage.org\/people\/dharma-teachers\/sister-chan-thoai-nghiem\"><img loading=\"lazy\" decoding=\"async\" width=\"480\" height=\"290\" src=\"https:\/\/dev.plumvillage.org\/wp-content\/uploads\/2020\/11\/DSC_1247-1.jpg\" class=\"attachment-landscape size-landscape\" alt=\"\" \/><\/a>\n                    <figcaption><a href=\"https:\/\/dev.plumvillage.org\/people\/dharma-teachers\/sister-chan-thoai-nghiem\">Sister Ch\u00e2n Tho\u1ea1i Nghi\u00eam<\/a><\/figcaption>\n                <\/div>\n                                            <div class=\"index-item index-monastic col-6 col-md-4 \">\n                    <a href=\"https:\/\/dev.plumvillage.org\/people\/dharma-teachers\/sr-tue-nghiem\"><img loading=\"lazy\" decoding=\"async\" width=\"435\" height=\"290\" src=\"https:\/\/dev.plumvillage.org\/wp-content\/uploads\/2017\/11\/DSC_3848-e1513700229444.jpg\" class=\"attachment-landscape size-landscape\" alt=\"\" srcset=\"https:\/\/dev.plumvillage.org\/wp-content\/uploads\/2017\/11\/DSC_3848-e1513700229444.jpg 1200w, https:\/\/dev.plumvillage.org\/wp-content\/uploads\/2017\/11\/DSC_3848-e1513700229444-499x333.jpg 499w, https:\/\/dev.plumvillage.org\/wp-content\/uploads\/2017\/11\/DSC_3848-e1513700229444-768x512.jpg 768w, https:\/\/dev.plumvillage.org\/wp-content\/uploads\/2017\/11\/DSC_3848-e1513700229444-1024x683.jpg 1024w\" sizes=\"auto, (max-width: 435px) 100vw, 435px\" \/><\/a>\n                    <figcaption><a href=\"https:\/\/dev.plumvillage.org\/people\/dharma-teachers\/sr-tue-nghiem\">Sister Ch\u00e2n Tu\u1ec7 Nghi\u00eam<\/a><\/figcaption>\n                <\/div>\n                                            <div class=\"index-item index-monastic col-6 col-md-4 \">\n                    <a href=\"https:\/\/dev.plumvillage.org\/people\/dharma-teachers\/br-phap-dung\"><img loading=\"lazy\" decoding=\"async\" width=\"430\" height=\"290\" src=\"https:\/\/dev.plumvillage.org\/wp-content\/uploads\/2018\/09\/Bro-Pahp-Dung.jpg\" class=\"attachment-landscape size-landscape\" alt=\"\" srcset=\"https:\/\/dev.plumvillage.org\/wp-content\/uploads\/2018\/09\/Bro-Pahp-Dung.jpg 1600w, https:\/\/dev.plumvillage.org\/wp-content\/uploads\/2018\/09\/Bro-Pahp-Dung-499x337.jpg 499w, https:\/\/dev.plumvillage.org\/wp-content\/uploads\/2018\/09\/Bro-Pahp-Dung-768x518.jpg 768w, https:\/\/dev.plumvillage.org\/wp-content\/uploads\/2018\/09\/Bro-Pahp-Dung-1024x691.jpg 1024w, https:\/\/dev.plumvillage.org\/wp-content\/uploads\/2018\/09\/Bro-Pahp-Dung-300x202.jpg 300w, https:\/\/dev.plumvillage.org\/wp-content\/uploads\/2018\/09\/Bro-Pahp-Dung-100x67.jpg 100w, https:\/\/dev.plumvillage.org\/wp-content\/uploads\/2018\/09\/Bro-Pahp-Dung-150x101.jpg 150w, https:\/\/dev.plumvillage.org\/wp-content\/uploads\/2018\/09\/Bro-Pahp-Dung-200x135.jpg 200w, https:\/\/dev.plumvillage.org\/wp-content\/uploads\/2018\/09\/Bro-Pahp-Dung-450x303.jpg 450w, https:\/\/dev.plumvillage.org\/wp-content\/uploads\/2018\/09\/Bro-Pahp-Dung-600x405.jpg 600w, https:\/\/dev.plumvillage.org\/wp-content\/uploads\/2018\/09\/Bro-Pahp-Dung-900x607.jpg 900w, https:\/\/dev.plumvillage.org\/wp-content\/uploads\/2018\/09\/Bro-Pahp-Dung-272x182.jpg 272w\" sizes=\"auto, (max-width: 430px) 100vw, 430px\" \/><\/a>\n                    <figcaption><a href=\"https:\/\/dev.plumvillage.org\/people\/dharma-teachers\/br-phap-dung\">Brother Ch\u00e2n Ph\u00e1p Dung<\/a><\/figcaption>\n                <\/div>\n                                            <div class=\"index-item index-monastic col-6 col-md-4 \">\n                    <a href=\"https:\/\/dev.plumvillage.org\/people\/dharma-teachers\/sister-chan-giac-nghiem-2\"><img loading=\"lazy\" decoding=\"async\" width=\"369\" height=\"230\" src=\"https:\/\/dev.plumvillage.org\/wp-content\/uploads\/2021\/03\/Francophone-2017-2-1-3-edited-1.jpg\" class=\"attachment-landscape size-landscape\" alt=\"\" \/><\/a>\n                    <figcaption><a href=\"https:\/\/dev.plumvillage.org\/people\/dharma-teachers\/sister-chan-giac-nghiem-2\">Sister Ch\u00e2n Gi\u00e1c Nghi\u00eam<\/a><\/figcaption>\n                <\/div>\n                                            <div class=\"index-item index-monastic col-6 col-md-4 \">\n                    <a href=\"https:\/\/dev.plumvillage.org\/people\/dharma-teachers\/sr-thuan-khanh\"><img loading=\"lazy\" decoding=\"async\" width=\"436\" height=\"290\" src=\"https:\/\/dev.plumvillage.org\/wp-content\/uploads\/2018\/03\/Sr.-Thuan-Khanh-copy.jpg\" class=\"attachment-landscape size-landscape\" alt=\"\" srcset=\"https:\/\/dev.plumvillage.org\/wp-content\/uploads\/2018\/03\/Sr.-Thuan-Khanh-copy.jpg 3986w, https:\/\/dev.plumvillage.org\/wp-content\/uploads\/2018\/03\/Sr.-Thuan-Khanh-copy-499x332.jpg 499w, https:\/\/dev.plumvillage.org\/wp-content\/uploads\/2018\/03\/Sr.-Thuan-Khanh-copy-768x511.jpg 768w, https:\/\/dev.plumvillage.org\/wp-content\/uploads\/2018\/03\/Sr.-Thuan-Khanh-copy-1024x681.jpg 1024w, https:\/\/dev.plumvillage.org\/wp-content\/uploads\/2018\/03\/Sr.-Thuan-Khanh-copy-300x199.jpg 300w, https:\/\/dev.plumvillage.org\/wp-content\/uploads\/2018\/03\/Sr.-Thuan-Khanh-copy-100x66.jpg 100w, https:\/\/dev.plumvillage.org\/wp-content\/uploads\/2018\/03\/Sr.-Thuan-Khanh-copy-150x100.jpg 150w, https:\/\/dev.plumvillage.org\/wp-content\/uploads\/2018\/03\/Sr.-Thuan-Khanh-copy-200x133.jpg 200w, https:\/\/dev.plumvillage.org\/wp-content\/uploads\/2018\/03\/Sr.-Thuan-Khanh-copy-450x299.jpg 450w, https:\/\/dev.plumvillage.org\/wp-content\/uploads\/2018\/03\/Sr.-Thuan-Khanh-copy-600x399.jpg 600w, https:\/\/dev.plumvillage.org\/wp-content\/uploads\/2018\/03\/Sr.-Thuan-Khanh-copy-900x598.jpg 900w\" sizes=\"auto, (max-width: 436px) 100vw, 436px\" \/><\/a>\n                    <figcaption><a href=\"https:\/\/dev.plumvillage.org\/people\/dharma-teachers\/sr-thuan-khanh\">Sister Ch\u00e2n Thu\u1ea7n Kh\u00e1nh<\/a><\/figcaption>\n                <\/div>\n                                            <div class=\"index-item index-monastic col-6 col-md-4 \">\n                    <a href=\"https:\/\/dev.plumvillage.org\/people\/dharma-teachers\/sr-hoi-nghiem\"><img loading=\"lazy\" decoding=\"async\" width=\"436\" height=\"290\" src=\"https:\/\/dev.plumvillage.org\/wp-content\/uploads\/2018\/01\/Sr.-Hoi-Nghiem-e1516718678236.jpg\" class=\"attachment-landscape size-landscape\" alt=\"\" srcset=\"https:\/\/dev.plumvillage.org\/wp-content\/uploads\/2018\/01\/Sr.-Hoi-Nghiem-e1516718678236.jpg 1200w, https:\/\/dev.plumvillage.org\/wp-content\/uploads\/2018\/01\/Sr.-Hoi-Nghiem-e1516718678236-499x332.jpg 499w, https:\/\/dev.plumvillage.org\/wp-content\/uploads\/2018\/01\/Sr.-Hoi-Nghiem-e1516718678236-768x511.jpg 768w, https:\/\/dev.plumvillage.org\/wp-content\/uploads\/2018\/01\/Sr.-Hoi-Nghiem-e1516718678236-1024x681.jpg 1024w\" sizes=\"auto, (max-width: 436px) 100vw, 436px\" \/><\/a>\n                    <figcaption><a href=\"https:\/\/dev.plumvillage.org\/people\/dharma-teachers\/sr-hoi-nghiem\">Sister Ch\u00e2n H\u1ed9i Nghi\u00eam<\/a><\/figcaption>\n                <\/div>\n                                            <div class=\"index-item index-monastic col-6 col-md-4 \">\n                    <a href=\"https:\/\/dev.plumvillage.org\/people\/dharma-teachers\/br-phap-huu\"><img loading=\"lazy\" decoding=\"async\" width=\"435\" height=\"290\" src=\"https:\/\/dev.plumvillage.org\/wp-content\/uploads\/2017\/12\/IMG_2704.jpg\" class=\"attachment-landscape size-landscape\" alt=\"\" srcset=\"https:\/\/dev.plumvillage.org\/wp-content\/uploads\/2017\/12\/IMG_2704.jpg 5184w, https:\/\/dev.plumvillage.org\/wp-content\/uploads\/2017\/12\/IMG_2704-499x333.jpg 499w, https:\/\/dev.plumvillage.org\/wp-content\/uploads\/2017\/12\/IMG_2704-768x512.jpg 768w, https:\/\/dev.plumvillage.org\/wp-content\/uploads\/2017\/12\/IMG_2704-1024x683.jpg 1024w, https:\/\/dev.plumvillage.org\/wp-content\/uploads\/2017\/12\/IMG_2704-300x200.jpg 300w, https:\/\/dev.plumvillage.org\/wp-content\/uploads\/2017\/12\/IMG_2704-100x67.jpg 100w, https:\/\/dev.plumvillage.org\/wp-content\/uploads\/2017\/12\/IMG_2704-150x100.jpg 150w, https:\/\/dev.plumvillage.org\/wp-content\/uploads\/2017\/12\/IMG_2704-200x133.jpg 200w, https:\/\/dev.plumvillage.org\/wp-content\/uploads\/2017\/12\/IMG_2704-450x300.jpg 450w, https:\/\/dev.plumvillage.org\/wp-content\/uploads\/2017\/12\/IMG_2704-600x400.jpg 600w, https:\/\/dev.plumvillage.org\/wp-content\/uploads\/2017\/12\/IMG_2704-900x600.jpg 900w\" sizes=\"auto, (max-width: 435px) 100vw, 435px\" \/><\/a>\n                    <figcaption><a href=\"https:\/\/dev.plumvillage.org\/people\/dharma-teachers\/br-phap-huu\">Brother Ch\u00e2n Ph\u00e1p H\u1eefu<\/a><\/figcaption>\n                <\/div>\n                                            <div class=\"index-item index-monastic col-6 col-md-4 \">\n                    <a href=\"https:\/\/dev.plumvillage.org\/people\/dharma-teachers\/br-phap-lai\"><img loading=\"lazy\" decoding=\"async\" width=\"480\" height=\"269\" src=\"https:\/\/dev.plumvillage.org\/wp-content\/uploads\/2018\/11\/br-phap-lai-homebox.jpg\" class=\"attachment-landscape size-landscape\" alt=\"\" srcset=\"https:\/\/dev.plumvillage.org\/wp-content\/uploads\/2018\/11\/br-phap-lai-homebox.jpg 510w, https:\/\/dev.plumvillage.org\/wp-content\/uploads\/2018\/11\/br-phap-lai-homebox-499x280.jpg 499w, https:\/\/dev.plumvillage.org\/wp-content\/uploads\/2018\/11\/br-phap-lai-homebox-300x168.jpg 300w, https:\/\/dev.plumvillage.org\/wp-content\/uploads\/2018\/11\/br-phap-lai-homebox-100x56.jpg 100w, https:\/\/dev.plumvillage.org\/wp-content\/uploads\/2018\/11\/br-phap-lai-homebox-150x84.jpg 150w, https:\/\/dev.plumvillage.org\/wp-content\/uploads\/2018\/11\/br-phap-lai-homebox-200x112.jpg 200w, https:\/\/dev.plumvillage.org\/wp-content\/uploads\/2018\/11\/br-phap-lai-homebox-450x252.jpg 450w\" sizes=\"auto, (max-width: 480px) 100vw, 480px\" \/><\/a>\n                    <figcaption><a href=\"https:\/\/dev.plumvillage.org\/people\/dharma-teachers\/br-phap-lai\">Brother Ch\u00e2n Ph\u00e1p Lai<\/a><\/figcaption>\n                <\/div>\n                                            <div class=\"index-item index-monastic col-6 col-md-4 \">\n                    <a href=\"https:\/\/dev.plumvillage.org\/people\/dharma-teachers\/br-phap-lieu\"><img loading=\"lazy\" decoding=\"async\" width=\"480\" height=\"270\" src=\"https:\/\/dev.plumvillage.org\/wp-content\/uploads\/2018\/04\/DSC00241.jpg\" class=\"attachment-landscape size-landscape\" alt=\"\" srcset=\"https:\/\/dev.plumvillage.org\/wp-content\/uploads\/2018\/04\/DSC00241.jpg 7952w, https:\/\/dev.plumvillage.org\/wp-content\/uploads\/2018\/04\/DSC00241-499x281.jpg 499w, https:\/\/dev.plumvillage.org\/wp-content\/uploads\/2018\/04\/DSC00241-768x432.jpg 768w, https:\/\/dev.plumvillage.org\/wp-content\/uploads\/2018\/04\/DSC00241-1024x576.jpg 1024w, https:\/\/dev.plumvillage.org\/wp-content\/uploads\/2018\/04\/DSC00241-300x169.jpg 300w, https:\/\/dev.plumvillage.org\/wp-content\/uploads\/2018\/04\/DSC00241-100x56.jpg 100w, https:\/\/dev.plumvillage.org\/wp-content\/uploads\/2018\/04\/DSC00241-150x84.jpg 150w, https:\/\/dev.plumvillage.org\/wp-content\/uploads\/2018\/04\/DSC00241-200x112.jpg 200w, https:\/\/dev.plumvillage.org\/wp-content\/uploads\/2018\/04\/DSC00241-450x253.jpg 450w, https:\/\/dev.plumvillage.org\/wp-content\/uploads\/2018\/04\/DSC00241-600x337.jpg 600w, https:\/\/dev.plumvillage.org\/wp-content\/uploads\/2018\/04\/DSC00241-900x506.jpg 900w\" sizes=\"auto, (max-width: 480px) 100vw, 480px\" \/><\/a>\n                    <figcaption><a href=\"https:\/\/dev.plumvillage.org\/people\/dharma-teachers\/br-phap-lieu\">Brother Ch\u00e2n Ph\u00e1p Li\u1ec7u<\/a><\/figcaption>\n                <\/div>\n                                            <div class=\"index-item index-monastic col-6 col-md-4 \">\n                    <a href=\"https:\/\/dev.plumvillage.org\/people\/dharma-teachers\/sr-lang-nghiem\"><img loading=\"lazy\" decoding=\"async\" width=\"387\" height=\"290\" src=\"https:\/\/dev.plumvillage.org\/wp-content\/uploads\/2018\/06\/Sr.-Lang-Nghiem-4.jpg\" class=\"attachment-landscape size-landscape\" alt=\"\" srcset=\"https:\/\/dev.plumvillage.org\/wp-content\/uploads\/2018\/06\/Sr.-Lang-Nghiem-4.jpg 2659w, https:\/\/dev.plumvillage.org\/wp-content\/uploads\/2018\/06\/Sr.-Lang-Nghiem-4-499x374.jpg 499w, https:\/\/dev.plumvillage.org\/wp-content\/uploads\/2018\/06\/Sr.-Lang-Nghiem-4-768x576.jpg 768w, https:\/\/dev.plumvillage.org\/wp-content\/uploads\/2018\/06\/Sr.-Lang-Nghiem-4-1024x768.jpg 1024w, https:\/\/dev.plumvillage.org\/wp-content\/uploads\/2018\/06\/Sr.-Lang-Nghiem-4-300x225.jpg 300w, https:\/\/dev.plumvillage.org\/wp-content\/uploads\/2018\/06\/Sr.-Lang-Nghiem-4-100x75.jpg 100w, https:\/\/dev.plumvillage.org\/wp-content\/uploads\/2018\/06\/Sr.-Lang-Nghiem-4-150x112.jpg 150w, https:\/\/dev.plumvillage.org\/wp-content\/uploads\/2018\/06\/Sr.-Lang-Nghiem-4-200x150.jpg 200w, https:\/\/dev.plumvillage.org\/wp-content\/uploads\/2018\/06\/Sr.-Lang-Nghiem-4-450x337.jpg 450w, https:\/\/dev.plumvillage.org\/wp-content\/uploads\/2018\/06\/Sr.-Lang-Nghiem-4-600x450.jpg 600w, https:\/\/dev.plumvillage.org\/wp-content\/uploads\/2018\/06\/Sr.-Lang-Nghiem-4-900x675.jpg 900w\" sizes=\"auto, (max-width: 387px) 100vw, 387px\" \/><\/a>\n                    <figcaption><a href=\"https:\/\/dev.plumvillage.org\/people\/dharma-teachers\/sr-lang-nghiem\">Sister Ch\u00e2n\u00a0L\u0103ng Nghi\u00eam<\/a><\/figcaption>\n                <\/div>\n                                            <div class=\"index-item index-monastic col-6 col-md-4 \">\n                    <a href=\"https:\/\/dev.plumvillage.org\/people\/dharma-teachers\/sr-dao-nghiem\"><img loading=\"lazy\" decoding=\"async\" width=\"480\" height=\"268\" src=\"https:\/\/dev.plumvillage.org\/wp-content\/uploads\/2018\/11\/sr-dao-nghiem-homebox.jpg\" class=\"attachment-landscape size-landscape\" alt=\"\" srcset=\"https:\/\/dev.plumvillage.org\/wp-content\/uploads\/2018\/11\/sr-dao-nghiem-homebox.jpg 510w, https:\/\/dev.plumvillage.org\/wp-content\/uploads\/2018\/11\/sr-dao-nghiem-homebox-499x279.jpg 499w, https:\/\/dev.plumvillage.org\/wp-content\/uploads\/2018\/11\/sr-dao-nghiem-homebox-300x168.jpg 300w, https:\/\/dev.plumvillage.org\/wp-content\/uploads\/2018\/11\/sr-dao-nghiem-homebox-100x56.jpg 100w, https:\/\/dev.plumvillage.org\/wp-content\/uploads\/2018\/11\/sr-dao-nghiem-homebox-150x84.jpg 150w, https:\/\/dev.plumvillage.org\/wp-content\/uploads\/2018\/11\/sr-dao-nghiem-homebox-200x112.jpg 200w, https:\/\/dev.plumvillage.org\/wp-content\/uploads\/2018\/11\/sr-dao-nghiem-homebox-450x251.jpg 450w\" sizes=\"auto, (max-width: 480px) 100vw, 480px\" \/><\/a>\n                    <figcaption><a href=\"https:\/\/dev.plumvillage.org\/people\/dharma-teachers\/sr-dao-nghiem\">Sister Ch\u00e2n \u0110\u00e0o Nghi\u00eam\u00a0<\/a><\/figcaption>\n                <\/div>\n                                            <div class=\"index-item index-monastic col-6 col-md-4 \">\n                    <a href=\"https:\/\/dev.plumvillage.org\/people\/dharma-teachers\/sister-chan-thuan-nghiem\"><img loading=\"lazy\" decoding=\"async\" width=\"480\" height=\"270\" src=\"https:\/\/dev.plumvillage.org\/wp-content\/uploads\/2020\/04\/youtube.jpg\" class=\"attachment-landscape size-landscape\" alt=\"\" srcset=\"https:\/\/dev.plumvillage.org\/wp-content\/uploads\/2020\/04\/youtube.jpg 1920w, https:\/\/dev.plumvillage.org\/wp-content\/uploads\/2020\/04\/youtube-499x281.jpg 499w, https:\/\/dev.plumvillage.org\/wp-content\/uploads\/2020\/04\/youtube-1024x576.jpg 1024w, https:\/\/dev.plumvillage.org\/wp-content\/uploads\/2020\/04\/youtube-768x432.jpg 768w, https:\/\/dev.plumvillage.org\/wp-content\/uploads\/2020\/04\/youtube-1536x864.jpg 1536w\" sizes=\"auto, (max-width: 480px) 100vw, 480px\" \/><\/a>\n                    <figcaption><a href=\"https:\/\/dev.plumvillage.org\/people\/dharma-teachers\/sister-chan-thuan-nghiem\">Sister Ch\u00e2n Thu\u1eadn Nghi\u00eam<\/a><\/figcaption>\n                <\/div>\n                                            <div class=\"index-item index-monastic col-6 col-md-4 \">\n                    <a href=\"https:\/\/dev.plumvillage.org\/people\/dharma-teachers\/br-phap-luu\"><img loading=\"lazy\" decoding=\"async\" width=\"480\" height=\"269\" src=\"https:\/\/dev.plumvillage.org\/wp-content\/uploads\/2018\/11\/br-phap-luu-homebox.jpg\" class=\"attachment-landscape size-landscape\" alt=\"\" srcset=\"https:\/\/dev.plumvillage.org\/wp-content\/uploads\/2018\/11\/br-phap-luu-homebox.jpg 510w, https:\/\/dev.plumvillage.org\/wp-content\/uploads\/2018\/11\/br-phap-luu-homebox-499x280.jpg 499w, https:\/\/dev.plumvillage.org\/wp-content\/uploads\/2018\/11\/br-phap-luu-homebox-300x168.jpg 300w, https:\/\/dev.plumvillage.org\/wp-content\/uploads\/2018\/11\/br-phap-luu-homebox-100x56.jpg 100w, https:\/\/dev.plumvillage.org\/wp-content\/uploads\/2018\/11\/br-phap-luu-homebox-150x84.jpg 150w, https:\/\/dev.plumvillage.org\/wp-content\/uploads\/2018\/11\/br-phap-luu-homebox-200x112.jpg 200w, https:\/\/dev.plumvillage.org\/wp-content\/uploads\/2018\/11\/br-phap-luu-homebox-450x252.jpg 450w\" sizes=\"auto, (max-width: 480px) 100vw, 480px\" \/><\/a>\n                    <figcaption><a href=\"https:\/\/dev.plumvillage.org\/people\/dharma-teachers\/br-phap-luu\">Brother Ch\u00e2n\u00a0Ph\u00e1p L\u01b0u<\/a><\/figcaption>\n                <\/div>\n                                            <div class=\"index-item index-monastic col-6 col-md-4 \">\n                    <a href=\"\"><\/a>\n                    <figcaption><a href=\"\"><\/a><\/figcaption>\n                <\/div>\n                    <\/div>\n    <\/div>\n\n\n\n<h4 class=\"wp-block-heading\">Becoming a Dharma Teacher<\/h4>\n\n\n\n<p>Dharma Teachers (Dharmach\u0101ryas) are members of the community who have been selected as teachers because they have extensive spiritual practice and the prerequisites for a happy life. Zen Master Th\u00edch Nh\u1ea5t H\u1ea1nh (affectionately called &#8220;Th\u1ea7y&#8221; by his students), like many other teachers, relies on his students to continue and carry on his work, since Th\u1ea7y cannot be everywhere where the teachings are needed. When the sangha see that someone is willing and ready to teach the Dharma &#8211; not just because of his words, but because of her actions; her practice in daily life &#8211; that person is then officially authorised to teach through a ceremony where the Dharma Lamp is transmitted.<\/p>\n\n\n\n<p>Generally, a monk or a nun must have been ordained for at least eight years to be considered as a candidate for receiving the Dharma Lamp. To be considered as a lay Dharma Teacher, again, it takes many years of successful practice, engagement in the Order of Interbeing, and nomination by their local sangha.<\/p>\n\n\n\n<p>The Lamp Transmission Ceremony is just one part of becoming a Dharma Teacher. Dharma Teachers continue to practice within the Plum Village tradition, attend retreats at Plum Village Centres, organise their own retreats and help to build the sangha to deepen their knowledge and skills. The role of the Dharma Teachers, is ultimately, to bring joy and confidence to the community and to all who come to practice with the community.<\/p>\n\n\n\n<p>Read more about the <a href=\"https:\/\/dev.plumvillage.org\/it\/order-of-interbeing\/\">&#8220;Order of Interbeing&#8221;<\/a>.<\/p>\n","protected":false},"excerpt":{"rendered":"<p>Here are profiles of our senior Dharma Teachers who regularly offer teachings at Plum Village France. Becoming a Dharma Teacher Dharma Teachers (Dharmach\u0101ryas) are members of the community who have been selected as teachers because they have extensive spiritual practice and the prerequisites for a happy life. Zen Master Th\u00edch Nh\u1ea5t H\u1ea1nh (affectionately called &#8220;Th\u1ea7y&#8221;<\/p>\n","protected":false},"author":9,"featured_media":0,"parent":0,"menu_order":0,"comment_status":"closed","ping_status":"closed","template":"","meta":{"_acf_changed":false,"sync_status":"","episode_type":"","audio_file":"","castos_file_data":"","podmotor_file_id":"","cover_image":"","cover_image_id":"","duration":"","filesize":"","filesize_raw":"","date_recorded":"","explicit":"","block":"","itunes_episode_number":"","itunes_title":"","itunes_season_number":"","itunes_episode_type":"","ep_exclude_from_search":false,"footnotes":""},"class_list":["post-155671","page","type-page","status-publish","hentry"],"acf":[],"_links":{"self":[{"href":"https:\/\/dev.plumvillage.org\/it\/wp-json\/wp\/v2\/pages\/155671","targetHints":{"allow":["GET"]}}],"collection":[{"href":"https:\/\/dev.plumvillage.org\/it\/wp-json\/wp\/v2\/pages"}],"about":[{"href":"https:\/\/dev.plumvillage.org\/it\/wp-json\/wp\/v2\/types\/page"}],"author":[{"embeddable":true,"href":"https:\/\/dev.plumvillage.org\/it\/wp-json\/wp\/v2\/users\/9"}],"replies":[{"embeddable":true,"href":"https:\/\/dev.plumvillage.org\/it\/wp-json\/wp\/v2\/comments?post=155671"}],"version-history":[{"count":0,"href":"https:\/\/dev.plumvillage.org\/it\/wp-json\/wp\/v2\/pages\/155671\/revisions"}],"wp:attachment":[{"href":"https:\/\/dev.plumvillage.org\/it\/wp-json\/wp\/v2\/media?parent=155671"}],"curies":[{"name":"wp","href":"https:\/\/api.w.org\/{rel}","templated":true}]}}