{"id":155714,"date":"2017-03-27T19:09:26","date_gmt":"2017-03-27T17:09:26","guid":{"rendered":"https:\/\/plumvillage.org\/terms-and-conditions\/"},"modified":"2022-03-14T15:31:15","modified_gmt":"2022-03-14T14:31:15","slug":"terms-and-conditions","status":"publish","type":"page","link":"https:\/\/dev.plumvillage.org\/it\/terms-and-conditions","title":{"rendered":"Termini e condizioni"},"content":{"rendered":"\n<h2 class=\"wp-block-heading\">Informazioni generali<\/h2>\n\n\n\n<address>Questo sito e&#8217; proprieta&#8217; di<br>\nCommunaute Bouddhique Zen \u201cVillage des Pruniers&#8221;<br>\nLieu dit Meyrac<br>\n47120 Loub\u00e8s-Bernac, France<\/address>\n\n\n\n<p>CBZ Village des Pruniers \u00e8 un&#8217;associazione senza scopo di lucro (Association Loi 1901) registrata con il numero W472000916 nel repertorio nazionale delle associazioni (R\u00e9pertoire National des Associations).<br>Questo sito \u00e8 ospitato da WP Engine, Inc., 504 Lavaca, Suite 1000, Austin, TX 78701, USA.<\/p>\n\n\n\n<h2 class=\"wp-block-heading\">Registrazione per i ritiri<\/h2>\n\n\n\n<h3 class=\"wp-block-heading\"><strong>Il tuo contratto di ritiro<\/strong><\/h3>\n\n\n\n<p>Quando viene fatta una richiesta di prenotazione, il &#8216;nome principale&#8217; sulla richiesta di prenotazione garantisce che lui o lei ha l&#8217;autorit\u00e0 di accettare e accetta a nome del partito i termini di queste condizioni di prenotazione. Quando riceviamo la vostra prenotazione, vi invieremo le istruzioni per il pagamento. Dopo che tutti i pagamenti appropriati sono stati effettuati, vi invieremo una e-mail di conferma della ricezione del pagamento e un accordo vincolante entrer\u00e0 in vigore tra voi e noi.<\/p>\n\n\n\n<p>Questo contratto \u00e8 regolato dalla legge francese e dalla giurisdizione dei tribunali francesi.<br>\u00c8 importante controllare l&#8217;email di conferma quando la ricevete, o se prenotate in ritardo al momento della prenotazione, che tutti i dettagli siano esattamente come li avete richiesti. In caso di discrepanze, vi preghiamo di contattarci immediatamente poich\u00e9 potrebbe non essere possibile apportare modifiche in seguito.<\/p>\n\n\n\n<p><strong>Prezzi e accuratezza del sito web<br><\/strong>Le informazioni e i prezzi mostrati sul sito web potrebbero essere cambiati nel momento in cui si arriva a prenotare le prenotazioni. Anche se facciamo ogni sforzo per garantire l&#8217;accuratezza delle informazioni e dei prezzi del sito web al momento del caricamento, purtroppo possono verificarsi degli errori. \u00c8 quindi necessario assicurarsi di controllare il prezzo e tutti gli altri dettagli degli accordi scelti con noi al momento della prenotazione.<\/p>\n\n\n\n<p><strong>Passaporti, visti e documenti sanitari<br><\/strong>\u00c8 vostra responsabilit\u00e0 assicurarvi di essere in possesso di tutti i documenti di viaggio e sanitari necessari prima della partenza. Siamo spiacenti di non poter accettare la responsabilit\u00e0 se le viene rifiutato l&#8217;ingresso su qualsiasi trasporto o in qualsiasi paese a causa del mancato trasporto della documentazione di contatto da parte sua. Se il mancato possesso dei documenti di viaggio o di altri documenti necessari dovesse comportare multe, supplementi o altre sanzioni finanziarie a nostro carico, sarete responsabili di rimborsarci di conseguenza.<\/p>\n\n\n\n<p><strong>Assicurazione<\/strong><br>\u00c8 vostra responsabilit\u00e0 assicurarvi di ottenere la relativa copertura assicurativa una volta che la vostra prenotazione \u00e8 stata confermata da noi. Consideriamo essenziale un&#8217;adeguata assicurazione di viaggio. Vi preghiamo di leggere la vostra polizza e di portarla con voi al Ritiro. \u00c8 vostra responsabilit\u00e0 assicurarvi che la copertura assicurativa che acquistate sia adatta e adeguata alle vostre particolari esigenze.<\/p>\n\n\n\n<p><strong>Pagare per il tuo ritiro<br><\/strong>Il tuo posto non \u00e8 confermato finch\u00e9 non \u00e8 stato effettuato il pagamento completo.<\/p>\n\n\n\n<p>Se non riceviamo questo saldo per intero e in tempo, ci riserviamo il diritto di considerare la sua prenotazione come cancellata da lei, nel qual caso le spese di cancellazione possono diventare esigibili. Il tuo posto non \u00e8 confermato finch\u00e9 non \u00e8 stato effettuato il pagamento completo.<\/p>\n\n\n\n<p><strong>Annullamento del tuo Ritiro<\/strong><\/p>\n\n\n\n<p>Se cancelli il tuo Ritiro &#8211; Tu, o qualsiasi membro del tuo gruppo, puoi cancellare il tuo Ritiro in qualsiasi momento.<br>La notifica scritta via email all&#8217;ufficio del Borgo per il quale ti sei registrato dal &#8216;nome principale&#8217; sulla prenotazione deve essere ricevuta. Siamo spiacenti di non poter pagare eventuali spese, costi o perdite sostenute da voi come risultato di qualsiasi cambiamento o cancellazione se cancellate il Ritiro.<\/p>\n\n\n\n<p>Si applicano le seguenti spese di cancellazione del Ritiro:<\/p>\n\n\n\n<ul class=\"wp-block-list\"><li>Cancellazione 3 settimane prima del primo giorno del ritiro &#8211; una tassa di cancellazione di \u20ac50.00 sar\u00e0 addebitata.<\/li><li>Cancellazione meno di 3 settimane prima del primo giorno del Ritiro &#8211; il 50% dell&#8217;intera quota sar\u00e0 trattenuto da noi.<\/li><li>Cancellazione al o dopo il primo giorno del Ritiro &#8211; 100% dell&#8217;intera quota sar\u00e0 trattenuta da noi.<\/li><\/ul>\n\n\n\n<p>Si prega di notare che se solo alcuni membri del vostro gruppo annullano, oltre a sostenere le spese di cancellazione applicabili, ricalcoleremo il costo del Ritiro per le persone rimanenti del vostro gruppo.<\/p>\n\n\n\n<p><strong>Politica di cancellazione per i ritiri in persona per motivi legati alla Covid-19<\/strong><\/p>\n\n\n\n<p>Se trovi necessario cancellare la tua prenotazione, prima o al primo giorno del ritiro, per motivi legati alla Covid-19 o per restrizioni di viaggio, un rimborso completo, meno la tassa di cancellazione di 50 euro, sar\u00e0 disponibile.&nbsp;Si prega di notare che questo non include le spese di viaggio o qualsiasi altra spesa che potresti aver sostenuto. Se dopo il tuo arrivo a Plum Village hai il Covid-19 e hai bisogno di isolarti, la tua quota di prenotazione coprir\u00e0 il tuo vitto e alloggio. In tutte le altre circostanze, si applicano i nostri termini e condizioni di cancellazione standard.<\/p>\n\n\n\n<p><strong>Cancellazione di ritiri da parte di Plum Village<\/strong><\/p>\n\n\n\n<p>Plum Village si riserva il diritto di annullare un ritiro in qualsiasi circostanza.\u00a0In questo caso, vi sar\u00e0 offerto un rimborso completo per tutti i pagamenti che avete gi\u00e0 fatto a noi. Plum Village non accetta ulteriori responsabilit\u00e0 per la cancellazione del ritiro oltre al rimborso della quota di iscrizione al ritiro. Per esempio, non possiamo essere responsabili per i fondi spesi per l&#8217;organizzazione anticipata del viaggio, come i biglietti aerei e i visti.<\/p>\n\n\n\n<h2 class=\"wp-block-heading\">Fare una donazione<\/h2>\n\n\n\n<p>A seconda del paese di residenza della persona che desidera fare una donazione (&#8216;Donatore&#8217;), le donazioni saranno possibili tramite carta di credito (Visa, MasterCard, ecc.) o tramite un metodo di pagamento online (Paypal ecc.). Per il pagamento della donazione possono essere applicate spese locali. Per ulteriori dettagli<br>questo proposito, si prega di contattare la propria banca.<\/p>\n\n\n\n<p>I dati della carta di credito non saranno trasferiti a CBZ Village des Pruniers, ma solo (i) alla compagnia della carta di credito direttamente o (ii) al fornitore di servizi di pagamento incaricato (Stripe) di elaborare il pagamento con la rispettiva compagnia della carta di credito.<\/p>\n\n\n\n<p>Al ricevimento del pagamento, il Donatore ricever\u00e0 via e-mail una conferma della sua donazione, contenente i dati del CBZ Village des Pruniers, il nome e l&#8217;indirizzo del Donatore, cos\u00ec come la data, l&#8217;importo e la valuta della donazione (come richiesto per beneficiare della deducibilit\u00e0 fiscale in alcune giurisdizioni).<\/p>\n\n\n\n<h2 class=\"wp-block-heading\">Pagamenti<\/h2>\n\n\n\n<p>Salvo condizioni particolari, i visitatori dovranno pagare la loro prenotazione o donazione online.<br>Dovranno utilizzare una carta di credito (Visa, MasterCard, ecc.) o un metodo di pagamento online (Paypal, iDEAL, ecc.), indicando le seguenti informazioni nell&#8217;apposito spazio (ingresso protetto da crittografia SSL): il numero della carta senza spazi, la sua data di scadenza e il codice di sicurezza della carta, al fine di effettuare il pagamento tramite la piattaforma Stripe.<br>CBZ Village des Pruniers ha scelto Stripe (Payment Service Provider) per rendere sicuri i pagamenti con carta effettuati online. La validit\u00e0 della carta di pagamento del cliente \u00e8 verificata da Stripe.<\/p>\n\n\n\n<p>Le carte di pagamento possono essere rifiutate per diversi motivi: carta rubata o bloccata, limite di credito raggiunto, dati errati inseriti. In caso di problema, il cliente deve contattare prima la sua banca e poi contattare Plum Village per confermare la prenotazione e il metodo di pagamento.<\/p>\n\n\n\n<h2 class=\"wp-block-heading\">Raccolta e protezione dei dati<\/h2>\n\n\n\n<p>Si prega di vedere la nostra politica sulla <a href=\"https:\/\/dev.plumvillage.org\/it\/privacy-policy\/\">Privacy <\/a><\/p>\n\n\n\n<h2 class=\"wp-block-heading\">Legge applicabile e giurisdizione competente<\/h2>\n\n\n\n<p>Si dichiara esplicitamente che le presenti condizioni sono regolate dalla legge francese. Qualsiasi controversia che dovesse sorgere durante l&#8217;esecuzione del presente contratto sar\u00e0 sottoposta ai tribunali competenti di Bordeaux.<\/p>\n\n\n\n<p><\/p>\n","protected":false},"excerpt":{"rendered":"<p>Informazioni generali Questo sito e&#8217; proprieta&#8217; di Communaute Bouddhique Zen \u201cVillage des Pruniers&#8221; Lieu dit Meyrac 47120 Loub\u00e8s-Bernac, France CBZ Village des Pruniers \u00e8 un&#8217;associazione senza scopo di lucro (Association Loi 1901) registrata con il numero W472000916 nel repertorio nazionale delle associazioni (R\u00e9pertoire National des Associations).Questo sito \u00e8 ospitato da WP Engine, Inc., 504 Lavaca,<\/p>\n","protected":false},"author":1088,"featured_media":0,"parent":0,"menu_order":0,"comment_status":"closed","ping_status":"closed","template":"","meta":{"_acf_changed":false,"sync_status":"","episode_type":"","audio_file":"","castos_file_data":"","podmotor_file_id":"","cover_image":"","cover_image_id":"","duration":"","filesize":"","filesize_raw":"","date_recorded":"","explicit":"","block":"","itunes_episode_number":"","itunes_title":"","itunes_season_number":"","itunes_episode_type":"","ep_exclude_from_search":false,"footnotes":""},"class_list":["post-155714","page","type-page","status-publish","hentry"],"acf":[],"_links":{"self":[{"href":"https:\/\/dev.plumvillage.org\/it\/wp-json\/wp\/v2\/pages\/155714","targetHints":{"allow":["GET"]}}],"collection":[{"href":"https:\/\/dev.plumvillage.org\/it\/wp-json\/wp\/v2\/pages"}],"about":[{"href":"https:\/\/dev.plumvillage.org\/it\/wp-json\/wp\/v2\/types\/page"}],"author":[{"embeddable":true,"href":"https:\/\/dev.plumvillage.org\/it\/wp-json\/wp\/v2\/users\/1088"}],"replies":[{"embeddable":true,"href":"https:\/\/dev.plumvillage.org\/it\/wp-json\/wp\/v2\/comments?post=155714"}],"version-history":[{"count":0,"href":"https:\/\/dev.plumvillage.org\/it\/wp-json\/wp\/v2\/pages\/155714\/revisions"}],"wp:attachment":[{"href":"https:\/\/dev.plumvillage.org\/it\/wp-json\/wp\/v2\/media?parent=155714"}],"curies":[{"name":"wp","href":"https:\/\/api.w.org\/{rel}","templated":true}]}}