{"id":155977,"date":"2013-03-01T12:04:13","date_gmt":"2013-03-01T11:04:13","guid":{"rendered":"https:\/\/plumvillage.org\/extended-stay\/"},"modified":"2020-12-12T12:14:47","modified_gmt":"2020-12-12T11:14:47","slug":"extended-stay","status":"publish","type":"page","link":"https:\/\/dev.plumvillage.org\/it\/community\/extended-stay","title":{"rendered":"Soggiorno prolungato"},"content":{"rendered":"\n<div class=\"wp-block-image\"><figure class=\"alignright\"><img loading=\"lazy\" decoding=\"async\" width=\"1000\" height=\"560\" src=\"https:\/\/dev.plumvillage.org\/wp-content\/uploads\/2019\/08\/172c-Plum-Village-attracts-over-10000-people-a-year-to-participate-in-retreats-PHOTO-PVCEB.jpg\" alt=\"\" class=\"wp-image-139376\" srcset=\"https:\/\/dev.plumvillage.org\/wp-content\/uploads\/2019\/08\/172c-Plum-Village-attracts-over-10000-people-a-year-to-participate-in-retreats-PHOTO-PVCEB.jpg 1000w, https:\/\/dev.plumvillage.org\/wp-content\/uploads\/2019\/08\/172c-Plum-Village-attracts-over-10000-people-a-year-to-participate-in-retreats-PHOTO-PVCEB-499x279.jpg 499w, https:\/\/dev.plumvillage.org\/wp-content\/uploads\/2019\/08\/172c-Plum-Village-attracts-over-10000-people-a-year-to-participate-in-retreats-PHOTO-PVCEB-768x430.jpg 768w\" sizes=\"auto, (max-width: 1000px) 100vw, 1000px\" \/><\/figure><\/div>\n\n\n\n<p class=\"has-large-font-size\">Plum Village \u00e8 un monastero buddhista dove sia i monaci che i laici praticano l&#8217;arte di vivere in modo consapevole. Gli unici residenti permanenti della nostra comunit\u00e0 sono monache e monaci, ma offriamo ritiri di consapevolezza tutto l&#8217;anno, che vanno da una settimana a tre mesi per il ritiro monastico delle piogge.<\/p>\n\n\n\n<p>Oltre ai nostri ritiri abituali, a volte ci sono opportunit\u00e0 di vivere e di praticare con il Sangha a lungo termine. Il New Hamlet offre ospitalit\u00e0 a lungo termine fino a 6 mesi, l&#8217;Upper Hamlet e il Lower Hamlet offrono un programma di un anno.<\/p>\n\n\n\n<h4 class=\"wp-block-heading\">Richiesta<\/h4>\n\n\n\n<p>Al momento non abbiamo un percorso online per la richiesta di soggiornare a lungo termine nella nostra comunit\u00e0. Nell&#8217;Upper Hamlet e nel Lower Hamlet le richieste di soggiorno a lungo termine sono accettate durante il Ritiro delle piogge, e solo da coloro che hanno partecipato all&#8217;intero ritiro. New Hamlet prende in esame le richieste di soggiorni a lungo termine di chiunque abbia prenotato un ritiro regolare di due settimane e abbia pagato il prezzo pieno per la prenotazione iniziale.<br><\/p>\n\n\n\n<p>In ogni hamlet vi sar\u00e0 chiesto di scrivere una lettera di aspirazione per chiedere di prolungare il vostro soggiorno presso la comunit\u00e0. Una volta accettato, vi sar\u00e0 chiesto di mantenere una comunicazione chiara con la comunit\u00e0 attraverso il contatto con il vostro mentore o attraverso lettere di aspirazione periodiche, condividendo la vostra crescita nella pratica, le vostre difficolt\u00e0 e gli eventuali sviluppi della vostra aspirazione e del vostro impegno nella vita della comunit\u00e0.<br><\/p>\n\n\n\n<h4 class=\"wp-block-heading\">Contributo<\/h4>\n\n\n\n<p>L&#8217;Upper Hamlet e il Lower Hamlet hanno un costo mensile fisso per il programma di un anno. Al New Hamlet \u00e8 possibile richiedere una riduzione del costo dopo essere stati accettati a lungo termine. L&#8217;importo che vi sar\u00e0 chiesto di offrire dipender\u00e0 dal tipo di camera in cui soggiornerete. In primavera, estate e autunno, il campeggio \u00e8 una possibilit\u00e0 e questo \u00e8 il periodo pi\u00f9 conveniente. Durante l&#8217;estate, l&#8217;unica sistemazione disponibile per un soggiorno a lungo termine pu\u00f2 essere il campeggio.<\/p>\n\n\n\n<p>Chiediamo che gli ospiti che soggiornano a lungo termine partecipino al programma della comunit\u00e0 e perseguano l\u2019intenzione di sviluppare l&#8217;armonia e la connessione con la comunit\u00e0. Finch\u00e9 questi requisiti di base saranno soddisfatti, la vostra richiesta di soggiorno a lungo termine sar\u00e0 accolta. A New Hamlet il vostro soggiorno pu\u00f2 essere prolungato di due settimane o di un mese alla volta.<\/p>\n\n\n\n<p>Se chiedete una riduzione dell&#8217;importo del contributo, vi preghiamo di comunicare le ragioni e quanto potete offrire ogni mese. Le richieste vengono esaminate su base individuale e l&#8217;importo della riduzione richiesta verr\u00e0 preso in considerazione di conseguenza. Vi informiamo che le riduzioni non sono garantite e, se offerte, l&#8217;importo della riduzione potrebbe non soddisfare il vostro fabbisogno finanziario.<\/p>\n\n\n\n<p>Se incontrate difficolt\u00e0 durante il vostro soggiorno, dovete solo chiedere gentilmente l&#8217;aiuto delle sorelle o dei fratelli per saperne di pi\u00f9 su come adattarvi alla vita nella nostra comunit\u00e0, che pu\u00f2 essere diversa dalle vostre esperienze passate o dalle aspettative. Ogni giorno interagirete con persone provenienti da molte culture e paesi diversi. Solo grazie alla vostra esperienza personale potrete sapere veramente com&#8217;\u00e8 la vita in comunit\u00e0. I fratelli, le sorelle e gli amici laici di Plum Village sono qui per aiutarvi a imparare l&#8217;arte di vivere con consapevolezza e ad apprezzare le tante meraviglie della vita che sono disponibili in noi e intorno a noi nel momento presente.<\/p>\n\n\n\n<h4 class=\"wp-block-heading\">Volontariato<\/h4>\n\n\n\n<p>Durante i nostri ritiri, sia che siate qui per una settimana o pi\u00f9 a lungo, ci saranno opportunit\u00e0 per sostenere la comunit\u00e0 con la meditazione di servizio opzionale. Non offriamo vitto e alloggio gratuiti in cambio di lavoro. Offriamo un ritiro di servizio a coloro che vogliono offrirsi volontari per il ritiro estivo per una piccola parte del costo di un normale ritiro.<\/p>\n\n\n\n<p>Ci auguriamo che queste informazioni vi siano utili per pianificare il vostro soggiorno a Plum Village, e non vediamo l&#8217;ora di darvi il benvenuto qui!<\/p>\n","protected":false},"excerpt":{"rendered":"<p>Plum Village \u00e8 un monastero buddhista dove sia i monaci che i laici praticano l&#8217;arte di vivere in modo consapevole. Gli unici residenti permanenti della nostra comunit\u00e0 sono monache e monaci, ma offriamo ritiri di consapevolezza tutto l&#8217;anno, che vanno da una settimana a tre mesi per il ritiro monastico delle piogge. Oltre ai nostri<\/p>\n","protected":false},"author":5,"featured_media":0,"parent":156071,"menu_order":0,"comment_status":"closed","ping_status":"closed","template":"","meta":{"_acf_changed":false,"sync_status":"","episode_type":"","audio_file":"","castos_file_data":"","podmotor_file_id":"","cover_image":"","cover_image_id":"","duration":"","filesize":"","filesize_raw":"","date_recorded":"","explicit":"","block":"","itunes_episode_number":"","itunes_title":"","itunes_season_number":"","itunes_episode_type":"","ep_exclude_from_search":false,"footnotes":""},"class_list":["post-155977","page","type-page","status-publish","hentry"],"acf":[],"_links":{"self":[{"href":"https:\/\/dev.plumvillage.org\/it\/wp-json\/wp\/v2\/pages\/155977","targetHints":{"allow":["GET"]}}],"collection":[{"href":"https:\/\/dev.plumvillage.org\/it\/wp-json\/wp\/v2\/pages"}],"about":[{"href":"https:\/\/dev.plumvillage.org\/it\/wp-json\/wp\/v2\/types\/page"}],"author":[{"embeddable":true,"href":"https:\/\/dev.plumvillage.org\/it\/wp-json\/wp\/v2\/users\/5"}],"replies":[{"embeddable":true,"href":"https:\/\/dev.plumvillage.org\/it\/wp-json\/wp\/v2\/comments?post=155977"}],"version-history":[{"count":0,"href":"https:\/\/dev.plumvillage.org\/it\/wp-json\/wp\/v2\/pages\/155977\/revisions"}],"up":[{"embeddable":true,"href":"https:\/\/dev.plumvillage.org\/it\/wp-json\/wp\/v2\/pages\/156071"}],"wp:attachment":[{"href":"https:\/\/dev.plumvillage.org\/it\/wp-json\/wp\/v2\/media?parent=155977"}],"curies":[{"name":"wp","href":"https:\/\/api.w.org\/{rel}","templated":true}]}}