{"id":155987,"date":"2013-02-28T17:35:03","date_gmt":"2013-02-28T17:35:03","guid":{"rendered":"https:\/\/plumvillage.org\/sample-schedule\/"},"modified":"2020-12-16T16:19:34","modified_gmt":"2020-12-16T15:19:34","slug":"sample-schedule","status":"publish","type":"page","link":"https:\/\/dev.plumvillage.org\/it\/retreats\/visiting-us\/sample-schedule","title":{"rendered":"Programma indicativo"},"content":{"rendered":"\n<div class=\"wp-block-image\"><figure class=\"alignright\"><img loading=\"lazy\" decoding=\"async\" width=\"768\" height=\"514\" src=\"https:\/\/dev.plumvillage.org\/wp-content\/uploads\/2019\/08\/UH-autumn-belltower.jpeg\" alt=\"\" class=\"wp-image-139412\" srcset=\"https:\/\/dev.plumvillage.org\/wp-content\/uploads\/2019\/08\/UH-autumn-belltower.jpeg 768w, https:\/\/dev.plumvillage.org\/wp-content\/uploads\/2019\/08\/UH-autumn-belltower-499x334.jpeg 499w\" sizes=\"auto, (max-width: 768px) 100vw, 768px\" \/><\/figure><\/div>\n\n\n\n<p class=\"has-large-font-size\">Un ritiro a Plum Village \u00e8 un&#8217;opportunit\u00e0 per sperimentare l&#8217;<a href=\"https:\/\/dev.plumvillage.org\/it\/mindfulness-practice\/\">arte del vivere in consapevolezza<\/a>. Facciamo tutto in uno spirito di meditazione, sia che si tratti di andare in bagno, di lavare i piatti o di ascoltare profondamente il suono della campana.<\/p>\n\n\n\n<p>L&#8217;orario giornaliero al Plum Village varia a seconda della stagione e del ritiro, e cambia leggermente tra i diversi hamlet. Ogni giorno pratichiamo la <strong>meditazione seduta<\/strong>, la <strong>meditazione camminata<\/strong>, il <strong>mangiare in consapevolezza<\/strong> e il <strong>lavorare insieme<\/strong> come comunit\u00e0. C&#8217;\u00e8 sempre un periodo di &#8220;<strong>Nobile Silenzio<\/strong>&#8221; dall&#8217;ultima attivit\u00e0 serale fino a dopo la colazione del giorno successivo. Un giorno alla settimana \u00e8 sempre designato come <strong>Giorno pigro<\/strong>, senza un programma di pratica formale.<\/p>\n\n\n\n<div class=\"wp-block-image\"><figure class=\"alignright\"><img loading=\"lazy\" decoding=\"async\" width=\"1024\" height=\"576\" src=\"https:\/\/dev.plumvillage.org\/wp-content\/uploads\/2019\/08\/DSCF6444-1024x576.jpg\" alt=\"\" class=\"wp-image-139413\" srcset=\"https:\/\/dev.plumvillage.org\/wp-content\/uploads\/2019\/08\/DSCF6444-1024x576.jpg 1024w, https:\/\/dev.plumvillage.org\/wp-content\/uploads\/2019\/08\/DSCF6444-499x281.jpg 499w, https:\/\/dev.plumvillage.org\/wp-content\/uploads\/2019\/08\/DSCF6444-768x432.jpg 768w, https:\/\/dev.plumvillage.org\/wp-content\/uploads\/2019\/08\/DSCF6444.jpg 1920w\" sizes=\"auto, (max-width: 1024px) 100vw, 1024px\" \/><figcaption>Una sessione di rilassamento durante un grande ritiro<\/figcaption><\/figure><\/div>\n\n\n\n<p><em>Durante i nostri ritiri speciali, come il ritiro estivo, il ritiro di 21 giorni e cos\u00ec via, di solito abbiamo quattro discorsi di Dharma a settimana. L&#8217;intera comunit\u00e0 si riunisce in un unico hamlet quella mattina. Il discorso \u00e8 di solito offerto da uno dei nostri insegnanti di Dharma (o da Thay (Thich Nhat Hanh) attraverso un DVD registrato) ed \u00e8 seguito dalla meditazione camminata tutti insieme attraverso i bellissimi frutteti e boschi.<\/em><\/p>\n\n\n\n<p><em><em>Durante i nostri ritiri di primavera, autunno e delle piogge, <\/em>l&#8217;intera comunit\u00e0 si riunisce il gioved\u00ec e la domenica per una <strong>Giornata di consapevolezza<\/strong> in uno degli hamlet (durante il ritiro delle piogge c&#8217;\u00e8 anche una Giornata di consapevolezza aggiuntiva per i praticanti laici ogni marted\u00ec). Il resto della settimana lo passiamo nel nostro &#8220;hamlet di residenza&#8221;.<\/em><\/p>\n\n\n\n<p>Al vostro arrivo, vi offriamo un orientamento completo sulla pratica della consapevolezza a Plum Village e il programma di pratica per il vostro soggiorno.<\/p>\n\n\n\n<div class=\"wp-block-group has-fresh-earth-background-color has-background\"><div class=\"wp-block-group__inner-container is-layout-flow wp-block-group-is-layout-flow\">\n<h5 class=\"wp-block-heading\"><strong>Una giornata tipo a Plum Village<\/strong><\/h5>\n\n\n\n<p>5:00: Sveglia<\/p>\n\n\n\n<p>6:00: Meditazione seduta (seguita dalla lettura di un Sutra \/ Toccare la terra \/ Meditazione camminata lenta)<\/p>\n\n\n\n<p>7:30: Colazione<\/p>\n\n\n\n<p>9:00: Discorso di Dharma \/ Lezione \/ Presentazione \/ Meditazione del lavoro<\/p>\n\n\n\n<p>11:30: Meditazione camminata (all\u2019aperto)<\/p>\n\n\n\n<p>12:30: Pranzo<\/p>\n\n\n\n<p>1:30: Riposo \/Rilassamento guidato opzionale<\/p>\n\n\n\n<p>15:00: Meditazione di servizio<\/p>\n\n\n\n<p>18:00: Cena<\/p>\n\n\n\n<p>20:00: Condivisione di Dharma, tempo di studio personale, meditazione seduta o altra pratica collettiva<\/p>\n\n\n\n<p>21.30: Nobile Silenzio<\/p>\n\n\n\n<p>22:00: Luci spente<\/p>\n<\/div><\/div>\n\n\n\n<p>Spesso al mattino presto o nel pomeriggio tardi \u00e8 possibile un\u2019esercizio fisico individuale, come yoga, Chi Gong, Tai Chi, corsa oppure, in base al tempo, sport di gruppo come calcio, pallavolo, frisbee e cos\u00ec via.<\/p>\n","protected":false},"excerpt":{"rendered":"<p>Un ritiro a Plum Village \u00e8 un&#8217;opportunit\u00e0 per sperimentare l&#8217;arte del vivere in consapevolezza. Facciamo tutto in uno spirito di meditazione, sia che si tratti di andare in bagno, di lavare i piatti o di ascoltare profondamente il suono della campana. L&#8217;orario giornaliero al Plum Village varia a seconda della stagione e del ritiro, e<\/p>\n","protected":false},"author":5,"featured_media":0,"parent":156015,"menu_order":0,"comment_status":"closed","ping_status":"open","template":"","meta":{"_acf_changed":false,"sync_status":"","episode_type":"","audio_file":"","castos_file_data":"","podmotor_file_id":"","cover_image":"","cover_image_id":"","duration":"","filesize":"","filesize_raw":"","date_recorded":"","explicit":"","block":"","itunes_episode_number":"","itunes_title":"","itunes_season_number":"","itunes_episode_type":"","ep_exclude_from_search":false,"footnotes":""},"class_list":["post-155987","page","type-page","status-publish","hentry"],"acf":[],"_links":{"self":[{"href":"https:\/\/dev.plumvillage.org\/it\/wp-json\/wp\/v2\/pages\/155987","targetHints":{"allow":["GET"]}}],"collection":[{"href":"https:\/\/dev.plumvillage.org\/it\/wp-json\/wp\/v2\/pages"}],"about":[{"href":"https:\/\/dev.plumvillage.org\/it\/wp-json\/wp\/v2\/types\/page"}],"author":[{"embeddable":true,"href":"https:\/\/dev.plumvillage.org\/it\/wp-json\/wp\/v2\/users\/5"}],"replies":[{"embeddable":true,"href":"https:\/\/dev.plumvillage.org\/it\/wp-json\/wp\/v2\/comments?post=155987"}],"version-history":[{"count":0,"href":"https:\/\/dev.plumvillage.org\/it\/wp-json\/wp\/v2\/pages\/155987\/revisions"}],"up":[{"embeddable":true,"href":"https:\/\/dev.plumvillage.org\/it\/wp-json\/wp\/v2\/pages\/156015"}],"wp:attachment":[{"href":"https:\/\/dev.plumvillage.org\/it\/wp-json\/wp\/v2\/media?parent=155987"}],"curies":[{"name":"wp","href":"https:\/\/api.w.org\/{rel}","templated":true}]}}