{"id":155996,"date":"2013-02-28T17:17:22","date_gmt":"2013-02-28T16:17:22","guid":{"rendered":"https:\/\/plumvillage.org\/accomodation-price\/"},"modified":"2022-04-23T10:16:47","modified_gmt":"2022-04-23T08:16:47","slug":"accomodation-price","status":"publish","type":"page","link":"https:\/\/dev.plumvillage.org\/it\/retreats\/visiting-us\/accomodation-price","title":{"rendered":"Sistemazioni e prezzi"},"content":{"rendered":"\n<p class=\"has-large-font-size\">A Plum VIllage, la maggior parte delle aree abitabili e tutte le camere sono in condivisione, per incoraggiare la vita comunitaria e il sostegno reciproco nella nostra pratica. Non sono previste camere singole.<\/p>\n\n\n\n<p>La maggior parte dei letti sono singoli, e alcuni letti nei dormitori sono a castello. Nelle &#8220;gites&#8221; (case vacanze) in affitto, ci pu\u00f2 essere l&#8217;opzione di un letto matrimoniale per le coppie.<\/p>\n\n\n\n<p>Abbiamo un certo numero di camere disponibili con accesso per diversamente abili.<\/p>\n\n\n\n<p>Se una camera con due letti per una coppia ha un costo troppo elevato, si pu\u00f2 prendere in considerazione la possibilit\u00e0 di soggiornare separatamente nei dormitori per persone singole separate in base al sesso (per gli uomini nell&#8217;Upper Hamlet e per le donne nel Lower Hamlet o al New Hamlet). Le tipologie di alloggio sono indicate qui sotto.<\/p>\n\n\n\n<h4 class=\"wp-block-heading\">Biancheria<\/h4>\n\n\n\n<p>La maggior parte dell&#8217;anno, al di fuori dei grandi ritiri, viene fornita tutta la biancheria: materassi, cuscini, lenzuola, piumoni e coperte. Nei mesi pi\u00f9 freddi, si consiglia di portare il proprio sacco a pelo o una leggera coperta per un comfort aggiuntivo.<\/p>\n\n\n\n<p>Durante i grandi ritiri, come il ritiro estivo di luglio, ogni hamlet pu\u00f2 avere una politica diversa. Alcuni hamlet forniscono solo un materasso e un cuscino, altri forniscono lenzuola e copricuscini. Si prega di verificare con l\u2019hamlet in cui vi siete iscritti per sapere cosa \u00e8 necessario portare.<\/p>\n\n\n\n<h4 class=\"wp-block-heading\"><strong>Campeggio<\/strong><\/h4>\n\n\n\n<p>Abbiamo aree di campeggio in ogni hamlet, a volte su terreno non pianeggiante. Il campeggio \u00e8 disponibile solo nei mesi pi\u00f9 caldi dell&#8217;anno, dalla tarda primavera all&#8217;autunno (da met\u00e0 marzo al 1\u00b0 novembre). \u00c8 necessario portare la propria tenda, un materassino di gommapiuma, un sacco a pelo, un cuscino e qualsiasi altro oggetto che possa rendere il vostro campeggio confortevole. Un numero limitato di tende \u00e8 disponibile a noleggio in base all\u2019ordine di arrivo dei richiedenti. Bagni e toilette poste in prossimit\u00e0 dei campeggi sono a disposizione dei campeggiatori.<\/p>\n\n\n\n<h4 class=\"wp-block-heading\">Camper<\/h4>\n\n\n\n<p>Potete venire con i vostri camper, ma non sono disponibili agganci per l&#8217;acqua o l&#8217;elettricit\u00e0. Potete parcheggiare il vostro camper nel parcheggio alberato dell\u2019hamlet in cui soggiornate.<\/p>\n\n\n\n<h4 class=\"wp-block-heading\">Pendolare<\/h4>\n\n\n\n<p>Se scegliete di venire come &#8220;pendolare&#8221;, \u00e8 necessario trovare alloggio al di fuori di Plum Village e pagare separatamente. Oltre al contributo pendolare, \u00e8 previsto un contributo per le spese di ritiro (che includono i pasti, gli insegnamenti e tutte le strutture a Plum Village). L\u2019hamlet in cui ci si iscrive pu\u00f2 fornire un elenco di &#8220;gites&#8221; locali (case vacanza) su richiesta.<\/p>\n\n\n\n<h4 class=\"wp-block-heading\" id=\"pricing\">Contributo<\/h4>\n\n\n\n<p>I contributo sotto indicati variano a seconda del tipo di alloggio scelto e si intendono per persona a settimana, tutto incluso. Comprendono l&#8217;alloggio, il vitto e l&#8217;insegnamento.<\/p>\n\n\n\n<p>Se richiedete una navetta da e per la stazione, saranno aggiunti 20\u20ac alla vostra tariffa.<br>Gli adolescenti (13-17 anni) ricevono uno sconto del 30% e i bambini pagano solo il 50%.<br>I bambini di et\u00e0 inferiore a 6 anni non pagano, ma vi chiediamo la prenotazione per ogni membro della famiglia, anche i bambini piccoli.<\/p>\n\n\n\n<figure class=\"wp-block-table alignwide\"><table><tbody><tr><th>\u00a0<mark style=\"background-color:#fdecea\" class=\"has-inline-color\">Contributo fino al 12 luglio 2022<\/mark><\/th><th class=\"has-text-align-right\" data-align=\"right\"><strong>Adult<\/strong>i<br><strong>(18 anni +)<\/strong><\/th><th class=\"has-text-align-right\" data-align=\"right\"><strong>13 &#8211; 17 <\/strong>anni<\/th><th class=\"has-text-align-right\" data-align=\"right\"><strong>6 &#8211; 12 <\/strong>anni<\/th><\/tr><tr><td><strong>Letto in camera doppia, bagno privato<\/strong><\/td><td class=\"has-text-align-right\" data-align=\"right\">\u20ac 600<\/td><td class=\"has-text-align-right\" data-align=\"right\">\u20ac 420<\/td><td class=\"has-text-align-right\" data-align=\"right\">\u20ac 300<\/td><\/tr><tr><td><strong>Letto in camera doppia, bagno in comune<\/strong><\/td><td class=\"has-text-align-right\" data-align=\"right\">\u20ac 550<\/td><td class=\"has-text-align-right\" data-align=\"right\">\u20ac 385<\/td><td class=\"has-text-align-right\" data-align=\"right\">\u20ac 275<\/td><\/tr><tr><td><strong>Letto in camere con 3\/4 letti, bagno privato<\/strong><\/td><td class=\"has-text-align-right\" data-align=\"right\">\u20ac 550<\/td><td class=\"has-text-align-right\" data-align=\"right\">\u20ac 385<\/td><td class=\"has-text-align-right\" data-align=\"right\">\u20ac 275<\/td><\/tr><tr><td><strong>Letto in camere con 3\/4 letti, bagno in comune<\/strong><\/td><td class=\"has-text-align-right\" data-align=\"right\">\u20ac 500<\/td><td class=\"has-text-align-right\" data-align=\"right\">\u20ac 350<\/td><td class=\"has-text-align-right\" data-align=\"right\">\u20ac 250<\/td><\/tr><tr><td><strong>Letto in dormitorio, bagno privato<\/strong><\/td><td class=\"has-text-align-right\" data-align=\"right\">\u20ac 450<\/td><td class=\"has-text-align-right\" data-align=\"right\">\u20ac 315<\/td><td class=\"has-text-align-right\" data-align=\"right\">\u20ac 225<\/td><\/tr><tr><td><strong>Letto nel dormitorio, bagno in comune<\/strong><\/td><td class=\"has-text-align-right\" data-align=\"right\">\u20ac 385<\/td><td class=\"has-text-align-right\" data-align=\"right\">\u20ac 270<\/td><td class=\"has-text-align-right\" data-align=\"right\">\u20ac 192<\/td><\/tr><tr><td><strong>Tenda \/ Camper<\/strong><\/td><td class=\"has-text-align-right\" data-align=\"right\">\u20ac 330<\/td><td class=\"has-text-align-right\" data-align=\"right\">\u20ac 230<\/td><td class=\"has-text-align-right\" data-align=\"right\">\u20ac 165<\/td><\/tr><tr><td><strong>Pendolare<\/strong><\/td><td class=\"has-text-align-right\" data-align=\"right\">\u20ac 280<\/td><td class=\"has-text-align-right\" data-align=\"right\">\u20ac 196<\/td><td class=\"has-text-align-right\" data-align=\"right\">\u20ac 140<\/td><\/tr><\/tbody><\/table><figcaption>Contributo per persona a settimana, aggiornati fino al 12 luglio 2022.<\/figcaption><\/figure>\n\n\n\n<p><\/p>\n\n\n\n<figure class=\"wp-block-table alignwide\"><table><tbody><tr><th>\u00a0<mark style=\"background-color:#fdecea\" class=\"has-inline-color\">Contributo dal 13 luglio 2022<\/mark><\/th><th class=\"has-text-align-right\" data-align=\"right\"><strong>Adult<\/strong>i<br><strong>(18 anni +)<\/strong><\/th><th class=\"has-text-align-right\" data-align=\"right\"><strong>13 &#8211; 17 <\/strong>anni<\/th><th class=\"has-text-align-right\" data-align=\"right\"><strong>6 &#8211; 12 <\/strong>anni<\/th><\/tr><tr><td><strong>Letto in camera doppia, bagno privato<\/strong><\/td><td class=\"has-text-align-right\" data-align=\"right\">\u20ac 665<\/td><td class=\"has-text-align-right\" data-align=\"right\">\u20ac 465<\/td><td class=\"has-text-align-right\" data-align=\"right\">\u20ac 332<\/td><\/tr><tr><td><strong>Letto in camera doppia, bagno in comune<\/strong><\/td><td class=\"has-text-align-right\" data-align=\"right\">\u20ac 595<\/td><td class=\"has-text-align-right\" data-align=\"right\">\u20ac 416<\/td><td class=\"has-text-align-right\" data-align=\"right\">\u20ac 297<\/td><\/tr><tr><td><strong>Letto in camere con 3\/4 letti, bagno privato<\/strong><\/td><td class=\"has-text-align-right\" data-align=\"right\">\u20ac 595<\/td><td class=\"has-text-align-right\" data-align=\"right\">\u20ac 416<\/td><td class=\"has-text-align-right\" data-align=\"right\">\u20ac 297<\/td><\/tr><tr><td><strong>Letto in camere con 3\/4 letti, bagno in comune<\/strong><\/td><td class=\"has-text-align-right\" data-align=\"right\">\u20ac 560<\/td><td class=\"has-text-align-right\" data-align=\"right\">\u20ac 392<\/td><td class=\"has-text-align-right\" data-align=\"right\">\u20ac 280<\/td><\/tr><tr><td><strong>Letto in dormitorio, bagno privato<\/strong><\/td><td class=\"has-text-align-right\" data-align=\"right\">\u20ac 490<\/td><td class=\"has-text-align-right\" data-align=\"right\">\u20ac 343<\/td><td class=\"has-text-align-right\" data-align=\"right\">\u20ac 245<\/td><\/tr><tr><td><strong>Letto nel dormitorio<strong>, bagno in comune<\/strong><\/strong><\/td><td class=\"has-text-align-right\" data-align=\"right\">\u20ac 420<\/td><td class=\"has-text-align-right\" data-align=\"right\">\u20ac 294<\/td><td class=\"has-text-align-right\" data-align=\"right\">\u20ac 210<\/td><\/tr><tr><td><strong>Tenda \/ Camper<\/strong><\/td><td class=\"has-text-align-right\" data-align=\"right\">\u20ac 350<\/td><td class=\"has-text-align-right\" data-align=\"right\">\u20ac 245<\/td><td class=\"has-text-align-right\" data-align=\"right\">\u20ac 175<\/td><\/tr><tr><td><strong>Pendolare<\/strong><\/td><td class=\"has-text-align-right\" data-align=\"right\">\u20ac 315<\/td><td class=\"has-text-align-right\" data-align=\"right\">\u20ac 220<\/td><td class=\"has-text-align-right\" data-align=\"right\">\u20ac 157<\/td><\/tr><\/tbody><\/table><figcaption>Prezzi per persona a settimana, aggiornati dal 13 luglio 2022<\/figcaption><\/figure>\n","protected":false},"excerpt":{"rendered":"<p>A Plum VIllage, la maggior parte delle aree abitabili e tutte le camere sono in condivisione, per incoraggiare la vita comunitaria e il sostegno reciproco nella nostra pratica. Non sono previste camere singole. La maggior parte dei letti sono singoli, e alcuni letti nei dormitori sono a castello. Nelle &#8220;gites&#8221; (case vacanze) in affitto, ci<\/p>\n","protected":false},"author":5,"featured_media":0,"parent":156015,"menu_order":0,"comment_status":"closed","ping_status":"closed","template":"","meta":{"_acf_changed":false,"sync_status":"","episode_type":"","audio_file":"","castos_file_data":"","podmotor_file_id":"","cover_image":"","cover_image_id":"","duration":"","filesize":"","filesize_raw":"","date_recorded":"","explicit":"","block":"","itunes_episode_number":"","itunes_title":"","itunes_season_number":"","itunes_episode_type":"","ep_exclude_from_search":false,"footnotes":""},"class_list":["post-155996","page","type-page","status-publish","hentry"],"acf":[],"_links":{"self":[{"href":"https:\/\/dev.plumvillage.org\/it\/wp-json\/wp\/v2\/pages\/155996","targetHints":{"allow":["GET"]}}],"collection":[{"href":"https:\/\/dev.plumvillage.org\/it\/wp-json\/wp\/v2\/pages"}],"about":[{"href":"https:\/\/dev.plumvillage.org\/it\/wp-json\/wp\/v2\/types\/page"}],"author":[{"embeddable":true,"href":"https:\/\/dev.plumvillage.org\/it\/wp-json\/wp\/v2\/users\/5"}],"replies":[{"embeddable":true,"href":"https:\/\/dev.plumvillage.org\/it\/wp-json\/wp\/v2\/comments?post=155996"}],"version-history":[{"count":0,"href":"https:\/\/dev.plumvillage.org\/it\/wp-json\/wp\/v2\/pages\/155996\/revisions"}],"up":[{"embeddable":true,"href":"https:\/\/dev.plumvillage.org\/it\/wp-json\/wp\/v2\/pages\/156015"}],"wp:attachment":[{"href":"https:\/\/dev.plumvillage.org\/it\/wp-json\/wp\/v2\/media?parent=155996"}],"curies":[{"name":"wp","href":"https:\/\/api.w.org\/{rel}","templated":true}]}}