{"id":156015,"date":"2013-01-03T15:33:04","date_gmt":"2013-01-03T14:33:04","guid":{"rendered":"https:\/\/plumvillage.org\/visiting-us\/"},"modified":"2020-12-16T16:07:10","modified_gmt":"2020-12-16T15:07:10","slug":"visiting-us","status":"publish","type":"page","link":"https:\/\/dev.plumvillage.org\/it\/retreats\/visiting-us","title":{"rendered":"Informazioni sui ritiri offerti a Plum Village"},"content":{"rendered":"\n<div class=\"wp-block-image\"><figure class=\"alignright\"><img loading=\"lazy\" decoding=\"async\" width=\"1024\" height=\"576\" src=\"https:\/\/dev.plumvillage.org\/wp-content\/uploads\/2019\/08\/DSCF6499-1024x576.jpg\" alt=\"\" class=\"wp-image-139397\" srcset=\"https:\/\/dev.plumvillage.org\/wp-content\/uploads\/2019\/08\/DSCF6499-1024x576.jpg 1024w, https:\/\/dev.plumvillage.org\/wp-content\/uploads\/2019\/08\/DSCF6499-499x281.jpg 499w, https:\/\/dev.plumvillage.org\/wp-content\/uploads\/2019\/08\/DSCF6499-768x432.jpg 768w, https:\/\/dev.plumvillage.org\/wp-content\/uploads\/2019\/08\/DSCF6499.jpg 1920w\" sizes=\"auto, (max-width: 1024px) 100vw, 1024px\" \/><\/figure><\/div>\n\n\n\n<p class=\"has-large-font-size\">\u00c8 possibile soggiornare a Plum Village per una settimana o pi\u00f9 e praticare l\u2019arte di vivere in consapevolezza con la nostra comunit\u00e0 internazionale in continua crescita. \u00c8 anche possibile partecipare a un ritiro di Plum Village in <a href=\"https:\/\/dev.plumvillage.org\/it\/monastic-practice-centres\/\">altri centri di pratica internazionali<\/a> e quando i <a href=\"https:\/\/dev.plumvillage.org\/it\/with-monastics\/\">monaci e le monache di Plum Village si recano all\u2019estero<\/a>.<\/p>\n\n\n\n<h4 class=\"wp-block-heading\"><strong><strong>L\u2019arte di vivere in consapevolezza<\/strong><\/strong><\/h4>\n\n\n\n<p>La partecipazione a un ritiro a Plum Village \u00e8 un\u2019opportunit\u00e0 per vivere in semplicit\u00e0 e tranquillit\u00e0 e imparare a coltivare l\u2019energia della consapevolezza, in modo da avere pi\u00f9 libert\u00e0, pace e felicit\u00e0 nella vita di tutti i giorni. \u00c8 anche un\u2019opportunit\u00e0 per coltivare la nostra crescita interiore, in quanto ci prendiamo il tempo di guardare in profondit\u00e0 per trasformare sia le nostra difficolt\u00e0 personali che le difficolt\u00e0 della nostra societ\u00e0.<\/p>\n\n\n\n<div class=\"wp-block-group alignright has-fresh-earth-background-color has-background\"><div class=\"wp-block-group__inner-container is-layout-flow wp-block-group-is-layout-flow\">\n<h5 class=\"wp-block-heading\">Vuoi prenotare un ritiro presso Plum Village \u2013 Francia?<\/h5>\n\n\n\n<p>Per prenotare un ritiro, usare il calendario dei ritiri.<\/p>\n\n\n\n<p><a href=\"https:\/\/dev.plumvillage.org\/it\/retreats\/\">Fai clic qui per il calendario.<\/a><\/p>\n<\/div><\/div>\n\n\n\n<p>A Plum Village, impariamo come intessere la consapevolezza in tutte le attivit\u00e0 quotidiane e vivere ogni momento in modo pi\u00f9 profondo. Pratichiamo la meditazione in ogni momento della giornata: mentre mangiamo, camminiamo, lavoriamo in consapevolezza, sediamo in meditazione o semplicemente beviamo una tazza di t\u00e8 insieme.<\/p>\n\n\n\n<div class=\"wp-block-group alignright has-fresh-earth-background-color has-background\"><div class=\"wp-block-group__inner-container is-layout-flow wp-block-group-is-layout-flow\">\n<h5 class=\"wp-block-heading\">Centri di pratica nel mondo<\/h5>\n\n\n\n<p>I centri di pratica monastici di Plum Village si trovano negli USA, in Germania, Australia, in Tailandia e a Hong Kong oltre che in Francia.<\/p>\n\n\n\n<p><a href=\"https:\/\/dev.plumvillage.org\/it\/monastic-practice-centres\/\"><a href=\"https:\/\/dev.plumvillage.org\/it\/monastic-practice-centres\/\">Trova un centro di pratica monastico vicino a te.<\/a><\/a><\/p>\n<\/div><\/div>\n\n\n\n<p><\/p>\n\n\n\n<h4 class=\"wp-block-heading\"><strong>Vita in comunit\u00e0<\/strong><\/h4>\n\n\n\n<p>Tutti coloro che si risiedono a Plum Village partecipano alle attivit\u00e0 della comunit\u00e0, come meditazione seduta e camminata, e al lavoro della comunit\u00e0, come preparare le sale di meditazione, pulire i bagni, lavare le pentole e altri semplici compiti come parte della pratica di consapevolezza quotidiana.<\/p>\n\n\n\n<p>Focalizzarci sulla pratica in comunit\u00e0 ci aiuta a sostenerci l\u2019un l\u2019altro, a beneficiare dell\u2019energia collettiva e a imparare a vivere insieme in armonia. Tutti sono tenuti a contribuire all\u2019energia collettiva della pratica partecipando alle attivit\u00e0 in programma.<\/p>\n\n\n\n<h4 class=\"wp-block-heading\">Durata del soggiorno<\/h4>\n\n\n\n<p>Consigliamo soggiorni di una o due settimane, specie per coloro che vengono per la prima volta. \u00c8 anche possibile chiedere di fermarsi per pi\u00f9 di due settimane.<\/p>\n\n\n\n<figure class=\"wp-block-image alignwide\"><img loading=\"lazy\" decoding=\"async\" width=\"1024\" height=\"576\" src=\"https:\/\/dev.plumvillage.org\/wp-content\/uploads\/2019\/08\/DSCF6464-1024x576.jpg\" alt=\"\" class=\"wp-image-139400\" srcset=\"https:\/\/dev.plumvillage.org\/wp-content\/uploads\/2019\/08\/DSCF6464-1024x576.jpg 1024w, https:\/\/dev.plumvillage.org\/wp-content\/uploads\/2019\/08\/DSCF6464-499x281.jpg 499w, https:\/\/dev.plumvillage.org\/wp-content\/uploads\/2019\/08\/DSCF6464-768x432.jpg 768w, https:\/\/dev.plumvillage.org\/wp-content\/uploads\/2019\/08\/DSCF6464.jpg 1920w\" sizes=\"auto, (max-width: 1024px) 100vw, 1024px\" \/><\/figure>\n\n\n\n<h4 class=\"wp-block-heading\"><strong>Quando venire<\/strong><\/h4>\n\n\n\n<p>\u00c8 possibile soggiornare presso il centro durante il periodo di normale apertura, ad esempio durante il periodo primaverile e il periodo autunnale, oppure partecipare a un ritiro a tema, come il ritiro sulla salute, il ritiro sull\u2019ecologia offerto dalla Happy Farm, il ritiro per educatori oppure il nostro ritiro estivo di quattro settimane. I ritiri a tema hanno un programma leggermente pi\u00f9 intenso rispetto ai ritiri primaverile e autunnale, e un numero maggiore di partecipanti (a volte oltre 700 tra i vari hamlet di Plum Village). Durante i ritiri a tema \u00e8 prevista una sessione quotidiana con un gruppo di 20-30 persone e ogni gruppo \u00e8 guidato da un monaco. Il ritiro invernale \u00e8 principalmente per monaci e monache, ma \u00e8 anche un momento potente per approfondire la pratica. Per ulteriori informazioni, consultare il programma dei ritiri.<\/p>\n\n\n\n<h4 class=\"wp-block-heading\"><strong>Informazioni sul monastero<\/strong><\/h4>\n\n\n\n<div class=\"wp-block-image\"><figure class=\"alignright\"><img loading=\"lazy\" decoding=\"async\" width=\"1024\" height=\"576\" src=\"https:\/\/dev.plumvillage.org\/wp-content\/uploads\/2019\/08\/DSCF6486-1024x576.jpg\" alt=\"\" class=\"wp-image-139401\" srcset=\"https:\/\/dev.plumvillage.org\/wp-content\/uploads\/2019\/08\/DSCF6486-1024x576.jpg 1024w, https:\/\/dev.plumvillage.org\/wp-content\/uploads\/2019\/08\/DSCF6486-499x281.jpg 499w, https:\/\/dev.plumvillage.org\/wp-content\/uploads\/2019\/08\/DSCF6486-768x432.jpg 768w, https:\/\/dev.plumvillage.org\/wp-content\/uploads\/2019\/08\/DSCF6486.jpg 1920w\" sizes=\"auto, (max-width: 1024px) 100vw, 1024px\" \/><\/figure><\/div>\n\n\n\n<p>A Plum Village, \u00e8 presente una comunit\u00e0 monastica di circa 200 tra monaci e monache attorno alla quale ruotano tutte le attivit\u00e0 del centro. Durante il ritiro, chiediamo che i partecipanti sostengano l\u2019atmosfera del monastero seguendo i principi di una vita consapevole ed etica delineati nei Cinque Addestramenti alla Consapevolezza. I Cinque Addestramenti alla Consapevolezza sono il fondamento della comunit\u00e0 di Plum Village, e donano felicit\u00e0 e significato a tutto ci\u00f2 che facciamo. In modo particolare, chiediamo a tutti i partecipanti di astenersi da attivit\u00e0 sessuale, fumo e assunzione di alcolici o uso di stupefacenti. A Plum Village seguiamo una dieta vegana e chiediamo rispettosamente di non portare cibo non vegano nel centro di pratica.<\/p>\n\n\n\n<h4 class=\"wp-block-heading\"><strong>Chi pu\u00f2 venire<\/strong><\/h4>\n\n\n\n<p>Sono benvenute a partecipare persone di qualunque religione, cultura, credo politico, orientamento sessuale o affettivo, identit\u00e0 di genere ed espressione. Facciamo anche del nostro meglio per consentire a persone con disabilit\u00e0 fisiche di partecipare a tutte le attivit\u00e0. Contattateci prima di venire per far s\u00ec che possiamo supportarvi al meglio.<\/p>\n\n\n\n<h4 class=\"wp-block-heading\" id=\"Health\">Salute<\/h4>\n\n\n\n<p>Molte delle persone che ci hanno visitato hanno sperimentato una diminuzione dell\u2019ansia, un miglioramento della condizione di depressione e di benessere generalizzato grazie alla pratica della consapevolezza: Tuttavia, invitiamo caldamente tutti i partecipanti a continuare l\u2019assunzione di medicine come prescritto dal proprio medico durante il soggiorno.<br>Se siete affetti da malattie mentali o fisiche croniche, siete pregati di notificarcelo e di chiedere al vostro medico se sia consigliabile per voi partecipare a un ritiro. Non siamo in grado di fornire alcuna assistenza medica. Se avete delle domande in merito, siete invitati a comunicarcelo.<\/p>\n\n\n\n<p><em>Per coloro che hanno gi\u00e0 completato l\u2019iscrizione a un ritiro, \u00e8 possibile contattarci usando uno dei link nelle e-mail di registrazione.<\/em><\/p>\n\n\n\n<h4 class=\"wp-block-heading\"><strong>Quale Hamlet?<\/strong><\/h4>\n\n\n\n<p>Plum Village \u00e8 composto da tre \u201c<a href=\"https:\/\/dev.plumvillage.org\/it\/retreats\/visiting-us\/hamlet\/\">hamlet<\/a>\u201c, o residenze, uno per i monaci e i praticanti laici e due per le monache e le praticanti laiche. Gli uomini single devono iscriversi presso l\u2019Upper Hamlet, e le donne single presso il New Hamlet o il Lower Hamlet. Coppie e famiglie possono iscriversi presso qualunque hamlet.<\/p>\n\n\n    <div class=\"panel panel-links align panel-collapsable panel-open\">\n                    <h5><span class=\"icon icon-caret-right\"><\/span><span class=\"underline-me\">Pianifica un ritiro<\/span><\/h5>\n                <div class=\"row row-collapsable \">\n            <div class=\"col-12\">\n                <ul class=\"small\">\n                                                        <li><a  href=\"https:\/\/plumvillage.org\/it\/retreats\/\">Programma dei ritiri e iscrizione per Plum Village, Francia<\/a><\/li>\n                                                        <li><a  href=\"https:\/\/plumvillage.org\/it\/monastic-practice-centres\/\">Centri di pratica monastici nel mondo<\/a><\/li>\n                                                        <li><a  href=\"https:\/\/plumvillage.org\/it\/with-monastics\/\">Tour dei ritiri e degli eventi di Plum Village<\/a><\/li>\n                                <\/ul>\n            <\/div>\n        <\/div>\n    <\/div>\n","protected":false},"excerpt":{"rendered":"<p>\u00c8 possibile soggiornare a Plum Village per una settimana o pi\u00f9 e praticare l\u2019arte di vivere in consapevolezza con la nostra comunit\u00e0 internazionale in continua crescita. \u00c8 anche possibile partecipare a un ritiro di Plum Village in altri centri di pratica internazionali e quando i monaci e le monache di Plum Village si recano all\u2019estero.<\/p>\n","protected":false},"author":9,"featured_media":0,"parent":156044,"menu_order":0,"comment_status":"closed","ping_status":"closed","template":"","meta":{"_acf_changed":false,"sync_status":"","episode_type":"","audio_file":"","castos_file_data":"","podmotor_file_id":"","cover_image":"","cover_image_id":"","duration":"","filesize":"","filesize_raw":"","date_recorded":"","explicit":"","block":"","itunes_episode_number":"","itunes_title":"","itunes_season_number":"","itunes_episode_type":"","ep_exclude_from_search":false,"footnotes":""},"class_list":["post-156015","page","type-page","status-publish","hentry"],"acf":[],"_links":{"self":[{"href":"https:\/\/dev.plumvillage.org\/it\/wp-json\/wp\/v2\/pages\/156015","targetHints":{"allow":["GET"]}}],"collection":[{"href":"https:\/\/dev.plumvillage.org\/it\/wp-json\/wp\/v2\/pages"}],"about":[{"href":"https:\/\/dev.plumvillage.org\/it\/wp-json\/wp\/v2\/types\/page"}],"author":[{"embeddable":true,"href":"https:\/\/dev.plumvillage.org\/it\/wp-json\/wp\/v2\/users\/9"}],"replies":[{"embeddable":true,"href":"https:\/\/dev.plumvillage.org\/it\/wp-json\/wp\/v2\/comments?post=156015"}],"version-history":[{"count":0,"href":"https:\/\/dev.plumvillage.org\/it\/wp-json\/wp\/v2\/pages\/156015\/revisions"}],"up":[{"embeddable":true,"href":"https:\/\/dev.plumvillage.org\/it\/wp-json\/wp\/v2\/pages\/156044"}],"wp:attachment":[{"href":"https:\/\/dev.plumvillage.org\/it\/wp-json\/wp\/v2\/media?parent=156015"}],"curies":[{"name":"wp","href":"https:\/\/api.w.org\/{rel}","templated":true}]}}