{"id":156023,"date":"2013-01-03T15:31:20","date_gmt":"2013-01-03T14:31:20","guid":{"rendered":"https:\/\/plumvillage.org\/plum-village\/"},"modified":"2021-03-16T19:14:23","modified_gmt":"2021-03-16T18:14:23","slug":"plum-village","status":"publish","type":"page","link":"https:\/\/dev.plumvillage.org\/it\/plum-village","title":{"rendered":"Plum Village"},"content":{"rendered":"\n<p class=\"has-large-font-size\">Plum Village, nei pressi di Bordeaux, nel sud-ovest della Francia, \u00e8 il pi\u00f9 grande centro di pratica internazionale nella tradizione di Plum Village, e la prima comunit\u00e0 monastica fondata dal Maestro Zen <a href=\"https:\/\/dev.plumvillage.org\/it\/thich-nhat-hanh\/\">Thich Nhat Hanh<\/a> (Thay) in Occidente.<\/p>\n\n\n\n<p>Plum Village \u00e8 il luogo in cui Thay ha realizzato il suo sogno di costruire una Comunit\u00e0 Amorevole: un ambiente sano e nutriente dove imparare l&#8217;arte di vivere in armonia gli uni con gli altri e con la Terra.<\/p>\n\n\n\n<p>Plum Village \u00e8 nato nel 1982, quando era una semplice cascina rustica, ed \u00e8 diventato oggi il pi\u00f9 grande monastero buddista d&#8217;Europa, con oltre 200 monaci e monache residenti che vivono e praticano in <a href=\"https:\/\/dev.plumvillage.org\/it\/retreats\/visiting-us\/hamlet\/\">quattro diversi hamlet <\/a>disseminati nella campagna francese. \u00c8 una continuazione della originaria &#8220;Comunit\u00e0 delle patate dolci&#8221; che Thay fond\u00f2 vicino a Parigi negli anni &#8217;70, subito dopo il suo esilio dal Vietnam.<\/p>\n\n\n\n<figure class=\"wp-block-image alignwide\"><img loading=\"lazy\" decoding=\"async\" width=\"1024\" height=\"773\" src=\"https:\/\/dev.plumvillage.org\/wp-content\/uploads\/2019\/08\/180-Plum-Village-monastery-in-France-birdseye-view-PHOTO-PVCEB-1024x773.jpg\" alt=\"\" class=\"wp-image-139387\" srcset=\"https:\/\/dev.plumvillage.org\/wp-content\/uploads\/2019\/08\/180-Plum-Village-monastery-in-France-birdseye-view-PHOTO-PVCEB-1024x773.jpg 1024w, https:\/\/dev.plumvillage.org\/wp-content\/uploads\/2019\/08\/180-Plum-Village-monastery-in-France-birdseye-view-PHOTO-PVCEB-499x377.jpg 499w, https:\/\/dev.plumvillage.org\/wp-content\/uploads\/2019\/08\/180-Plum-Village-monastery-in-France-birdseye-view-PHOTO-PVCEB-768x580.jpg 768w, https:\/\/dev.plumvillage.org\/wp-content\/uploads\/2019\/08\/180-Plum-Village-monastery-in-France-birdseye-view-PHOTO-PVCEB.jpg 1149w\" sizes=\"auto, (max-width: 1024px) 100vw, 1024px\" \/><figcaption>Upper Hamlet, Plum Village <\/figcaption><\/figure>\n\n\n\n<div class=\"wp-block-group alignright has-fresh-earth-background-color has-background\"><div class=\"wp-block-group__inner-container is-layout-flow wp-block-group-is-layout-flow\">\n<h5 class=\"wp-block-heading\"><strong>Gli inizi di Plum Village<\/strong><\/h5>\n\n\n\n<p>Pu\u00f2 essere utile leggere questa trascrizione di un discorso di Dharma di Thich Nhat Hanh:<\/p>\n\n\n\n<p><a href=\"https:\/\/dev.plumvillage.org\/about\/plum-village\/i-have-arrived-i-am-home\/\">&#8220;<a href=\"https:\/\/dev.plumvillage.org\/about\/plum-village\/i-have-arrived-i-am-home\/\">Sono arrivato, sono a casa: Celebrazione di vent&#8217;anni di vita a Plum Village<\/a>&#8220;.<\/a><\/p>\n<\/div><\/div>\n\n\n\n<p>A Plum Village, la consapevolezza permea tutte le nostre attivit\u00e0 quotidiane, impegnandoci nella pratica durante tutta la giornata: mentre mangiamo, camminiamo, lavoriamo o ci godiamo una tazza di t\u00e8 insieme. Plum Village \u00e8 una casa lontano da casa, un ambiente meraviglioso, nutriente e semplice in cui coltivare la mente del risveglio.<\/p>\n\n\n\n<p>Viviamo periodi di silenzio, di meditazione seduta, di riposo, di rilassamento, di lavoro consapevole e di gioco. Tutti i praticanti che vengono a Plum Village sono invitati a partecipare alle attivit\u00e0 comuni nel loro hamlet, che si tratti di preparare i pasti, fare le pulizie o lavare i piatti, \u00e8 un modo per imparare a coltivare la gioia e la consapevolezza in qualunque attivit\u00e0.<\/p>\n\n\n\n<p>Ogni anno, Plum Village accoglie migliaia di praticanti di meditazione da tutto il mondo che vengono a provare l&#8217;arte della vita comune consapevole. Spesso durante il festoso ritiro annuale di apertura estiva di quattro settimane, che offre programmi speciali per bambini e adolescenti, sono rappresentate pi\u00f9 di 40 nazionalit\u00e0.<\/p>\n\n\n\n<figure class=\"wp-block-image alignwide\"><img loading=\"lazy\" decoding=\"async\" width=\"1024\" height=\"638\" src=\"https:\/\/dev.plumvillage.org\/wp-content\/uploads\/2019\/08\/082-TNH-teaching-in-Plum-Village-PHOTO-PVCEB-1024x638.jpg\" alt=\"\" class=\"wp-image-139388\" srcset=\"https:\/\/dev.plumvillage.org\/wp-content\/uploads\/2019\/08\/082-TNH-teaching-in-Plum-Village-PHOTO-PVCEB-1024x638.jpg 1024w, https:\/\/dev.plumvillage.org\/wp-content\/uploads\/2019\/08\/082-TNH-teaching-in-Plum-Village-PHOTO-PVCEB-499x311.jpg 499w, https:\/\/dev.plumvillage.org\/wp-content\/uploads\/2019\/08\/082-TNH-teaching-in-Plum-Village-PHOTO-PVCEB-768x479.jpg 768w, https:\/\/dev.plumvillage.org\/wp-content\/uploads\/2019\/08\/082-TNH-teaching-in-Plum-Village-PHOTO-PVCEB.jpg 1600w\" sizes=\"auto, (max-width: 1024px) 100vw, 1024px\" \/><figcaption>Dharma talk during a summer retreat<\/figcaption><\/figure>\n\n\n\n<p>Oltre ai ritiri di primavera e d&#8217;autunno, dove i visitatori sono invitati a rimanere per una settimana o pi\u00f9, Plum Village offre anche ritiri speciali di consapevolezza per madrelingua francesi, insegnanti e giovani. Il ritiro annuale delle piogge della durata di tre mesi, che \u00e8 aperto sia ai laici non monastici che ai monaci, attira centinaia di praticanti che vengono ad approfondire la loro pratica della consapevolezza e a vivere con semplicit\u00e0 e in armonia in comunit\u00e0 per novanta giorni consecutivi.<\/p>\n\n\n\n<figure class=\"wp-block-image alignwide\"><img loading=\"lazy\" decoding=\"async\" width=\"942\" height=\"598\" src=\"https:\/\/dev.plumvillage.org\/wp-content\/uploads\/2019\/08\/182-Eating-the-midday-meal-in-Plum-Village-PHOTO-PVCEB.jpg\" alt=\"\" class=\"wp-image-139390\" srcset=\"https:\/\/dev.plumvillage.org\/wp-content\/uploads\/2019\/08\/182-Eating-the-midday-meal-in-Plum-Village-PHOTO-PVCEB.jpg 942w, https:\/\/dev.plumvillage.org\/wp-content\/uploads\/2019\/08\/182-Eating-the-midday-meal-in-Plum-Village-PHOTO-PVCEB-499x317.jpg 499w, https:\/\/dev.plumvillage.org\/wp-content\/uploads\/2019\/08\/182-Eating-the-midday-meal-in-Plum-Village-PHOTO-PVCEB-768x488.jpg 768w\" sizes=\"auto, (max-width: 942px) 100vw, 942px\" \/><\/figure>\n\n\n\n<div class=\"wp-block-group alignright has-fresh-earth-background-color has-background\"><div class=\"wp-block-group__inner-container is-layout-flow wp-block-group-is-layout-flow\">\n<h5 class=\"wp-block-heading\">Informazioni legali<\/h5>\n\n\n\n<p>La ragione sociale di Plum Village \u00e8:<\/p>\n\n\n\n<p>Communaut\u00e9 Bouddhique Zen Village des Pruniers<br>Meyrac<br>47120 \u2013 Loubes Bernac<br>Tel: +33.5.53.58.48.58<br>SIRET: 425 182 565 00019<\/p>\n<\/div><\/div>\n\n\n\n<p>Gli Hamlets di Plum Village offrono un programma di volontariato per i giovani \u00e8 nata una &#8220;<a href=\"https:\/\/dev.plumvillage.org\/it\/community\/happy-farm\/\">Happy Farm<\/a>&#8221; biologica, dove i contadini residenti per un anno combinano ecologia e consapevolezza coltivando verdure destinate ai pasti vegani della comunit\u00e0.<\/p>\n\n\n\n<p>Prima del suo recente ritorno in Vietnam, Thich Nhat Hanh ha vissuto a Plum Village nei periodi in cui non era in viaggio. Durante questi periodi ha scritto, insegnato, fatto giardinaggio e guidato la sua comunit\u00e0 internazionale. Molti dei sentieri intorno alle colline e ai campi di Plum Village sono diventati percorsi leggendari di meditazione camminata per Thich Nhat Hanh e la sua comunit\u00e0.<\/p>\n\n\n\n<p>Oggi ci sono altri otto <a href=\"http:\/\/www.bluecliffmonastery.org\/monastic-practice-centers\/\">centri di pratica monastici<\/a> nella tradizione di Plum Village in Europa, negli Stati Uniti e in Asia, tutti fondati dallo stesso Thich Nhat Hanh.<\/p>\n\n\n\n<p><\/p>\n","protected":false},"excerpt":{"rendered":"<p>Plum Village, nei pressi di Bordeaux, nel sud-ovest della Francia, \u00e8 il pi\u00f9 grande centro di pratica internazionale nella tradizione di Plum Village, e la prima comunit\u00e0 monastica fondata dal Maestro Zen Thich Nhat Hanh (Thay) in Occidente. Plum Village \u00e8 il luogo in cui Thay ha realizzato il suo sogno di costruire una Comunit\u00e0<\/p>\n","protected":false},"author":9,"featured_media":0,"parent":0,"menu_order":0,"comment_status":"closed","ping_status":"closed","template":"","meta":{"_acf_changed":false,"sync_status":"","episode_type":"","audio_file":"","castos_file_data":"","podmotor_file_id":"","cover_image":"","cover_image_id":"","duration":"","filesize":"","filesize_raw":"","date_recorded":"","explicit":"","block":"","itunes_episode_number":"","itunes_title":"","itunes_season_number":"","itunes_episode_type":"","ep_exclude_from_search":false,"footnotes":""},"class_list":["post-156023","page","type-page","status-publish","hentry"],"acf":[],"_links":{"self":[{"href":"https:\/\/dev.plumvillage.org\/it\/wp-json\/wp\/v2\/pages\/156023","targetHints":{"allow":["GET"]}}],"collection":[{"href":"https:\/\/dev.plumvillage.org\/it\/wp-json\/wp\/v2\/pages"}],"about":[{"href":"https:\/\/dev.plumvillage.org\/it\/wp-json\/wp\/v2\/types\/page"}],"author":[{"embeddable":true,"href":"https:\/\/dev.plumvillage.org\/it\/wp-json\/wp\/v2\/users\/9"}],"replies":[{"embeddable":true,"href":"https:\/\/dev.plumvillage.org\/it\/wp-json\/wp\/v2\/comments?post=156023"}],"version-history":[{"count":0,"href":"https:\/\/dev.plumvillage.org\/it\/wp-json\/wp\/v2\/pages\/156023\/revisions"}],"wp:attachment":[{"href":"https:\/\/dev.plumvillage.org\/it\/wp-json\/wp\/v2\/media?parent=156023"}],"curies":[{"name":"wp","href":"https:\/\/api.w.org\/{rel}","templated":true}]}}