{"id":171040,"date":"2020-11-08T11:22:35","date_gmt":"2020-11-08T10:22:35","guid":{"rendered":"https:\/\/plumvillage.org\/?page_id=171040"},"modified":"2020-11-15T07:43:07","modified_gmt":"2020-11-15T06:43:07","slug":"letter-from-dr-martin-luther-king-jr-nominating-thich-nhat-hanh-for-the-nobel-peace-prize-in-1967","status":"publish","type":"page","link":"https:\/\/dev.plumvillage.org\/it\/letter-from-dr-martin-luther-king-jr-nominating-thich-nhat-hanh-for-the-nobel-peace-prize-in-1967","title":{"rendered":"Lettera con cui Martin Luther King nomina Thich Nhat Hanh per il Premio Nobel per la Pace nel 1967"},"content":{"rendered":"\n<p class=\"has-text-align-center\">25 gennaio 1967<\/p>\n\n\n\n<div class=\"wp-block-image\"><figure class=\"alignright size-large\"><a href=\"https:\/\/dev.plumvillage.org\/wp-content\/uploads\/2019\/10\/1967-01-25-MLK-letter-nominating-TNH-for-Nobel-Prize-p1.jpg\"><img loading=\"lazy\" decoding=\"async\" width=\"801\" height=\"1024\" src=\"https:\/\/dev.plumvillage.org\/wp-content\/uploads\/2019\/10\/1967-01-25-MLK-letter-nominating-TNH-for-Nobel-Prize-p1-801x1024.jpg\" alt=\"\" class=\"wp-image-140494\" srcset=\"https:\/\/dev.plumvillage.org\/wp-content\/uploads\/2019\/10\/1967-01-25-MLK-letter-nominating-TNH-for-Nobel-Prize-p1-801x1024.jpg 801w, https:\/\/dev.plumvillage.org\/wp-content\/uploads\/2019\/10\/1967-01-25-MLK-letter-nominating-TNH-for-Nobel-Prize-p1-499x638.jpg 499w, https:\/\/dev.plumvillage.org\/wp-content\/uploads\/2019\/10\/1967-01-25-MLK-letter-nominating-TNH-for-Nobel-Prize-p1-768x982.jpg 768w, https:\/\/dev.plumvillage.org\/wp-content\/uploads\/2019\/10\/1967-01-25-MLK-letter-nominating-TNH-for-Nobel-Prize-p1.jpg 884w\" sizes=\"auto, (max-width: 801px) 100vw, 801px\" \/><\/a><figcaption>La prima pagina della lettera di Dr King, per gentile concessione de <a href=\"https:\/\/thekingcenter.org\/\">The King Library and Archives in Atlanta<\/a><\/figcaption><\/figure><\/div>\n\n\n\n<p>The Nobel Institute<br>Drammesnsveien 19 <br>Oslo, NORVEGIA<\/p>\n\n\n\n<p>Gentili signori,<\/p>\n\n\n\n<p>In qualit\u00e0 di titolare del premio Nobel per la pace 1964, mi pregio di proporvi il nome di Thich Nhat Hanh per lo stesso premio nel 1967. Non conosco personalmente nessuno pi\u00f9 degno del Premio Nobel per la pace di questo gentile monaco buddhista del Vietnam.<\/p>\n\n\n\n<p>Per Loro, questo sarebbe un anno particolarmente propizio per conferire il premio al Venerabile Nhat Hanh. Si tratta di un apostolo della pace e della non violenza, crudelmente allontanato dal suo stesso popolo oppresso da una guerra brutale che \u00e8 diventata una minaccia per la sanit\u00e0 mentale e la sicurezza del mondo intero.<\/p>\n\n\n\n<p>Poich\u00e9 nessun onore \u00e8 pi\u00f9 rispettato del premio Nobel per la pace, il conferimento del premio a Nhat Hanh sarebbe di per s\u00e9 un atto di pace molto generoso. Ricorderebbe a tutte le nazioni che ci sono uomini di buona volont\u00e0 pronti a guidare le forze belligeranti fuori dall\u2019abisso di odio e distruzione in cui versano. Risveglierebbe gli uomini all&#8217;insegnamento di bellezza e amore che offre la pace. Aiuterebbe a ravvivare le speranze che un nuovo ordine di giustizia e di armonia possa instaurarsi.<\/p>\n\n\n\n<p>Conosco Thich Nhat Hanh, e ho il privilegio di chiamarlo mio amico. Permettetemi di condividere con voi alcune cose che so di lui. Troverete in questo singolo essere umano una gamma straordinaria di capacit\u00e0 e di interessi.<\/p>\n\n\n\n<p>\u00c8 un uomo santo, perch\u00e9 \u00e8 umile e devoto. \u00c8 uno studioso di immense capacit\u00e0 intellettuali. Autore di dieci libri, \u00e8 anche un poeta di superba chiarezza e compassione umana. La sua disciplina accademica \u00e8 la Filosofia della Religione, di cui \u00e8 professore a Van Hanh, l&#8217;Universit\u00e0 buddhista che ha egli stesso contribuito a fondare a Saigon. Dirige l&#8217;Istituto di Studi Sociali di questa Universit\u00e0. Quest&#8217;uomo straordinario \u00e8 anche caporedattore di \u00abThien My\u00bb, un influente settimanale buddhista. Ed \u00e8 il direttore di Youth for Social Service, un&#8217;istituzione vietnamita che forma i giovani per la ricostruzione pacifica del loro Paese.<\/p>\n\n\n\n<p>Thich Nhat Hanh oggi \u00e8 di fatto un senzatetto e un apolide. Se dovesse tornare in Vietnam, cosa che desidera ardentemente, la sua vita sarebbe in grave pericolo. \u00c8 vittima di un esilio particolarmente brutale, perch\u00e9 motivato dalla difesa della pace che egli vorrebbe offrire al suo stesso popolo. Questo la dice lunga sulla tragicit\u00e0 della situazione in cui versa il Vietnam e su coloro che la perpetuano.<\/p>\n\n\n\n<p>La storia del Vietnam abbonda di episodi di sfruttamento da parte di potenze esterne e di ricchi corrotti, e ancora oggi i vietnamiti sono duramente governati, malnutriti, mal alloggiati e oppressi da tutte le avversit\u00e0 e i terrori della guerra moderna.<\/p>\n\n\n\n<p>Thich Nhat Hanh offre una via d&#8217;uscita da questo incubo, una soluzione accettabile per dei leader ragionevoli. Ha viaggiato per il mondo consigliando statisti, leader religiosi, studiosi e scrittori, e chiedendo il loro sostegno. Le sue idee per la pace, se applicate, costruirebbero un monumento all&#8217;ecumenismo, alla fratellanza mondiale, all&#8217;umanit\u00e0.<\/p>\n\n\n\n<p>Vi consiglio rispettosamente di avallare la sua causa con la riconosciuta grandezza del Premio Nobel per la pace del 1967. \u00c8 un onore che Thich Nhat Hanh riceverebbe con grazia e umilt\u00e0.<\/p>\n\n\n\n<p>Con osservanza,<\/p>\n\n\n\n<p>Martin Luther King, Jr. <\/p>\n","protected":false},"excerpt":{"rendered":"<p>25 gennaio 1967 The Nobel InstituteDrammesnsveien 19 Oslo, NORVEGIA Gentili signori, In qualit\u00e0 di titolare del premio Nobel per la pace 1964, mi pregio di proporvi il nome di Thich Nhat Hanh per lo stesso premio nel 1967. Non conosco personalmente nessuno pi\u00f9 degno del Premio Nobel per la pace di questo gentile monaco buddhista<\/p>\n","protected":false},"author":7,"featured_media":171042,"parent":0,"menu_order":0,"comment_status":"closed","ping_status":"closed","template":"","meta":{"_acf_changed":false,"sync_status":"","episode_type":"","audio_file":"","castos_file_data":"","podmotor_file_id":"","cover_image":"","cover_image_id":"","duration":"","filesize":"","filesize_raw":"","date_recorded":"","explicit":"","block":"","itunes_episode_number":"","itunes_title":"","itunes_season_number":"","itunes_episode_type":"","ep_exclude_from_search":false,"footnotes":""},"class_list":["post-171040","page","type-page","status-publish","has-post-thumbnail","hentry"],"acf":[],"_links":{"self":[{"href":"https:\/\/dev.plumvillage.org\/it\/wp-json\/wp\/v2\/pages\/171040","targetHints":{"allow":["GET"]}}],"collection":[{"href":"https:\/\/dev.plumvillage.org\/it\/wp-json\/wp\/v2\/pages"}],"about":[{"href":"https:\/\/dev.plumvillage.org\/it\/wp-json\/wp\/v2\/types\/page"}],"author":[{"embeddable":true,"href":"https:\/\/dev.plumvillage.org\/it\/wp-json\/wp\/v2\/users\/7"}],"replies":[{"embeddable":true,"href":"https:\/\/dev.plumvillage.org\/it\/wp-json\/wp\/v2\/comments?post=171040"}],"version-history":[{"count":0,"href":"https:\/\/dev.plumvillage.org\/it\/wp-json\/wp\/v2\/pages\/171040\/revisions"}],"wp:featuredmedia":[{"embeddable":true,"href":"https:\/\/dev.plumvillage.org\/it\/wp-json\/wp\/v2\/media\/171042"}],"wp:attachment":[{"href":"https:\/\/dev.plumvillage.org\/it\/wp-json\/wp\/v2\/media?parent=171040"}],"curies":[{"name":"wp","href":"https:\/\/api.w.org\/{rel}","templated":true}]}}