{"id":367842,"date":"2023-03-01T23:04:38","date_gmt":"2023-03-01T22:04:38","guid":{"rendered":"https:\/\/plumvillage.org\/coming-with-children-aged-0-17\/"},"modified":"2023-03-05T19:58:38","modified_gmt":"2023-03-05T18:58:38","slug":"coming-with-children-aged-0-17","status":"publish","type":"page","link":"https:\/\/dev.plumvillage.org\/it\/coming-with-children-aged-0-17","title":{"rendered":"Venite con bambini di et\u00e0 compresa tra 0 &#8211; 17 anni"},"content":{"rendered":"\n<iframe loading=\"lazy\" id=\"myIframe\" src=\"https:\/\/new.plumvillage.org\/processRegistration\/programs.php?lang=fr\" scrolling=\"no\" width=\"100%\"  height=\"1200px\" frameborder=\"0\"><\/iframe>\n\n<script type=\"text\/javascript\">\n    function resizeIframe(event) {\n        if (event.origin !== \"https:\/\/new.plumvillage.org\") return; \/\/ check that message is from trusted domain\n        var iframe = document.getElementById(\"myIframe\");\n        var newHeight = event.data + 20; \/\/ add 20px to the height value\n        iframe.style.height = newHeight + 'px';\n    }\n    window.addEventListener(\"message\", resizeIframe, false);\n<\/script>\n\n\n\n<p>Esta es una tabla para presentar el estado de los Programas para Ni\u00f1os y Adolescentes en 3 aldeas de Plum Village. Usted puede comprobar esta tabla primero antes de proceder a ir a trav\u00e9s del flujo de registro.<\/p>\n\n\n\n<p>Explicaciones de estado en la tabla:<\/p>\n\n\n\n<p>&#8220;No hay programa&#8221; significa que no hay programa para esa semana.<\/p>\n\n\n\n<p>&#8220;Lista de espera&#8221; significa que puede proceder a realizar su solicitud a trav\u00e9s del flujo de inscripci\u00f3n para unirse a esta lista.<\/p>\n\n\n\n<p>&#8220;Lista desbordada&#8221; significa que todas las plazas de la lista de espera est\u00e1n ocupadas, pero que puede realizar su solicitud a trav\u00e9s del flujo de inscripci\u00f3n para formar parte de la lista de espera.<\/p>\n\n\n\n<p>&#8220;Completamente ocupado&#8221; significa que las listas anteriores ya no aceptan solicitudes para ese programa en esa semana, por lo que no es necesario que intente hacer una solicitud en este momento. Puede volver a la p\u00e1gina de inscripci\u00f3n para comprobar el estado otro d\u00eda en caso de que quede libre una plaza en la &#8220;Lista de desbordamiento&#8221;.<\/p>\n\n\n\n<p><strong>Vi preghiamo di considerare attentamente le seguenti informazioni <\/strong>quando venite come famiglia:<\/p>\n\n\n\n<ul class=\"wp-block-list\">\n<li>Chiamiamo &#8220;Famiglia&#8221; un <strong>gruppo composto da bambini da 0 a 17 anni, compresi solo i genitori o i tutori.<\/strong><\/li>\n\n\n\n<li>Chiamiamo &#8220;Famiglia allargata&#8221; <strong>altri membri della famiglia<\/strong>, come nonni o zii, che desiderano prenotare <strong>una sistemazione diversa<\/strong>.<\/li>\n\n\n\n<li>Chiamiamo &#8220;tutore&#8221; qualsiasi <strong>adulto che accetti di essere responsabile e di prendersi cura di un bambino.<\/strong> Pu\u00f2 trattarsi di un amico o di un membro della famiglia che abbia almeno 18 anni.<\/li>\n\n\n\n<li>Vi preghiamo di registrare tutti i membri della vostra famiglia, <strong>compresi i neonati e i bambini di 5 anni o pi\u00f9 piccoli.<\/strong><\/li>\n\n\n\n<li>Il nostro sistema non pu\u00f2 accettare pi\u00f9 di <strong>3 adulti e 6 bambini in una sola prenotazione.<\/strong><\/li>\n\n\n\n<li>I bambini o gli adolescenti iscritti ai programmi devono <strong>avere un genitore o un tutore che dorma nella stessa frazione.<\/strong><\/li>\n\n\n\n<li><strong>Il campeggio <\/strong>sar\u00e0 l&#8217;unica forma di alloggio disponibile per le famiglie in tutte e tre le frazioni.<\/li>\n<\/ul>\n\n\n\n<p>Selezionate tra le seguenti opzioni quella che corrisponde alla vostra situazione.<\/p>\n\n\n\n<figure class=\"wp-block-table is-style-stripes has-small-font-size\"><table><tbody><tr><td><strong>Opzione 1 &#8211;<\/strong><br>Venire con i membri della f<strong>amiglia allargata<\/strong><\/td><td><strong>Opzione 2 <\/strong>&#8211;<br>Venire <strong>con amici<\/strong> che hanno anche<strong> loro figli<\/strong><\/td><td><strong>Opzione 3 <\/strong>&#8211;<br>Venire con <strong>amici<\/strong> che <strong>non hanno figli<\/strong><\/td><td><strong>Opzione 4 &#8211; <\/strong><br>Vengo solo con l<strong>a mia famiglia<\/strong><\/td><\/tr><tr><td>Vieni con la tua famiglia, compresa:<\/td><td>vieni con la tua famiglia, compresa:<\/td><td>vieni con la tua famiglia, compresa:<\/td><td>vieni con la tua famiglia, compresa:<\/td><\/tr><tr><td>Il vostro partner<br>i suoi figli<br><strong>un parente<\/strong> che <strong>non sia un tutore<\/strong><\/td><td>Il vostro partner<br>I vostri figli<br><strong>amici che hanno figli<\/strong><\/td><td>Il vostro partner<br>I vostri figli<br><strong>amici che non hanno figli<\/strong><\/td><td>Il tuo partner<br>o da solo<br>I vostri figli<br><\/td><\/tr><\/tbody><\/table><\/figure>\n\n\n\n<div class=\"wp-block-buttons is-layout-flex wp-block-buttons-is-layout-flex\"><\/div>\n\n\n\n<div class=\"wp-block-buttons is-layout-flex wp-block-buttons-is-layout-flex\">\n<div class=\"wp-block-button has-custom-width wp-block-button__width-25 has-custom-font-size is-style-fill has-normal-font-size\"><a class=\"wp-block-button__link wp-element-button\" href=\"https:\/\/dev.plumvillage.org\/it\/coming-with-extended-family-or-friends\/\" target=\"_blank\" rel=\"noreferrer noopener\">Clicca qui<\/a><\/div>\n\n\n\n<div class=\"wp-block-button has-custom-width wp-block-button__width-25 has-custom-font-size has-normal-font-size\"><a class=\"wp-block-button__link wp-element-button\" href=\"https:\/\/dev.plumvillage.org\/it\/coming-with-friends-who-also-have-children\/\" target=\"_blank\" rel=\"noreferrer noopener\">Clicca qui<\/a><\/div>\n\n\n\n<div class=\"wp-block-button has-custom-width wp-block-button__width-25 has-custom-font-size has-normal-font-size\"><a class=\"wp-block-button__link wp-element-button\" href=\"https:\/\/dev.plumvillage.org\/it\/coming-with-friends-who-dont-have-children\/\" target=\"_blank\" rel=\"noreferrer noopener\">Clicca qui<\/a><\/div>\n\n\n\n<div class=\"wp-block-button has-custom-font-size has-normal-font-size\"><a class=\"wp-block-button__link wp-element-button\" href=\"https:\/\/dev.plumvillage.org\/it\/coming-with-my-family\/\" target=\"_blank\" rel=\"noreferrer noopener\">Clicca qui<\/a><\/div>\n<\/div>\n\n\n\n<p><\/p>\n\n\n\n<p class=\"has-text-align-center has-small-font-size\"><\/p>\n","protected":false},"excerpt":{"rendered":"<p>Esta es una tabla para presentar el estado de los Programas para Ni\u00f1os y Adolescentes en 3 aldeas de Plum Village. Usted puede comprobar esta tabla primero antes de proceder a ir a trav\u00e9s del flujo de registro. Explicaciones de estado en la tabla: &#8220;No hay programa&#8221; significa que no hay programa para esa semana.<\/p>\n","protected":false},"author":1112,"featured_media":0,"parent":0,"menu_order":0,"comment_status":"closed","ping_status":"closed","template":"","meta":{"_acf_changed":false,"sync_status":"","episode_type":"","audio_file":"","castos_file_data":"","podmotor_file_id":"","cover_image":"","cover_image_id":"","duration":"","filesize":"","filesize_raw":"","date_recorded":"","explicit":"","block":"","itunes_episode_number":"","itunes_title":"","itunes_season_number":"","itunes_episode_type":"","ep_exclude_from_search":false,"footnotes":""},"class_list":["post-367842","page","type-page","status-publish","hentry"],"acf":[],"_links":{"self":[{"href":"https:\/\/dev.plumvillage.org\/it\/wp-json\/wp\/v2\/pages\/367842","targetHints":{"allow":["GET"]}}],"collection":[{"href":"https:\/\/dev.plumvillage.org\/it\/wp-json\/wp\/v2\/pages"}],"about":[{"href":"https:\/\/dev.plumvillage.org\/it\/wp-json\/wp\/v2\/types\/page"}],"author":[{"embeddable":true,"href":"https:\/\/dev.plumvillage.org\/it\/wp-json\/wp\/v2\/users\/1112"}],"replies":[{"embeddable":true,"href":"https:\/\/dev.plumvillage.org\/it\/wp-json\/wp\/v2\/comments?post=367842"}],"version-history":[{"count":5,"href":"https:\/\/dev.plumvillage.org\/it\/wp-json\/wp\/v2\/pages\/367842\/revisions"}],"predecessor-version":[{"id":368201,"href":"https:\/\/dev.plumvillage.org\/it\/wp-json\/wp\/v2\/pages\/367842\/revisions\/368201"}],"wp:attachment":[{"href":"https:\/\/dev.plumvillage.org\/it\/wp-json\/wp\/v2\/media?parent=367842"}],"curies":[{"name":"wp","href":"https:\/\/api.w.org\/{rel}","templated":true}]}}